{"id":54938,"date":"2023-01-18T20:15:07","date_gmt":"2023-01-18T17:15:07","guid":{"rendered":"https:\/\/roboriseit.com\/?page_id=54938"},"modified":"2025-04-23T19:20:52","modified_gmt":"2025-04-23T16:20:52","slug":"spike-essential-curriculums","status":"publish","type":"page","link":"https:\/\/roboriseit.com\/cs\/spike-essential-curriculums\/","title":{"rendered":"SPIKE Essential"},"content":{"rendered":"<h2>Kurzy<\/h2>\n\n<div data-block-name=\"woocommerce\/product-category\" data-categories=\"[589]\" data-columns=\"4\" data-orderby=\"menu_order\" class=\"wc-block-grid wp-block-product-category wp-block-woocommerce-product-category wc-block-product-category has-4-columns has-multiple-rows\"><ul class=\"wc-block-grid__products\"><li class=\"wc-block-grid__product\">\n\t\t\t\t<a href=\"https:\/\/roboriseit.com\/en\/product\/eco-team-spike-essential-curriculum\/\" class=\"wc-block-grid__product-link\">\n\t\t\t\t\t\n\t\t\t\t\t<div class=\"wc-block-grid__product-image\"><img loading=\"lazy\" decoding=\"async\" width=\"420\" height=\"420\" src=\"https:\/\/roboriseit.com\/wp-content\/uploads\/2024\/01\/SPIKE_Essential_1_540-420x420.png\" class=\"attachment-woocommerce_thumbnail size-woocommerce_thumbnail\" alt=\"SPIKE Essential Eco Team\" srcset=\"https:\/\/roboriseit.com\/wp-content\/uploads\/2024\/01\/SPIKE_Essential_1_540-420x420.png 420w, https:\/\/roboriseit.com\/wp-content\/uploads\/2024\/01\/SPIKE_Essential_1_540-300x300.png 300w, https:\/\/roboriseit.com\/wp-content\/uploads\/2024\/01\/SPIKE_Essential_1_540-150x150.png 150w, https:\/\/roboriseit.com\/wp-content\/uploads\/2024\/01\/SPIKE_Essential_1_540-230x230.png 230w, https:\/\/roboriseit.com\/wp-content\/uploads\/2024\/01\/SPIKE_Essential_1_540-350x350.png 350w, https:\/\/roboriseit.com\/wp-content\/uploads\/2024\/01\/SPIKE_Essential_1_540-480x480.png 480w, https:\/\/roboriseit.com\/wp-content\/uploads\/2024\/01\/SPIKE_Essential_1_540-24x24.png 24w, https:\/\/roboriseit.com\/wp-content\/uploads\/2024\/01\/SPIKE_Essential_1_540-36x36.png 36w, https:\/\/roboriseit.com\/wp-content\/uploads\/2024\/01\/SPIKE_Essential_1_540-48x48.png 48w, https:\/\/roboriseit.com\/wp-content\/uploads\/2024\/01\/SPIKE_Essential_1_540-100x100.png 100w, https:\/\/roboriseit.com\/wp-content\/uploads\/2024\/01\/SPIKE_Essential_1_540.png 540w\" sizes=\"auto, (max-width: 300px) 100px, (max-width: 600px) 200px, (max-width: 900px) 300px, (max-width: 1200px) 400px, (max-width: 1500px) 500px, (max-width: 1800px) 600px, (max-width: 2100px) 1124px, 1906px\" \/><\/div>\n\t\t\t\t\t<div class=\"wc-block-grid__product-title\">ECO TEAM SPIKE Essential Curriculum<\/div>\n\t\t\t\t<\/a>\n\t\t\t\t<div class=\"wc-block-grid__product-price price\"><span class=\"woocommerce-Price-amount amount\" aria-hidden=\"true\">3.790&nbsp;<span class=\"woocommerce-Price-currencySymbol\">&#075;&#269;<\/span><\/span> <span aria-hidden=\"true\">&ndash;<\/span> <span class=\"woocommerce-Price-amount amount\" aria-hidden=\"true\">8.890&nbsp;<span class=\"woocommerce-Price-currencySymbol\">&#075;&#269;<\/span><\/span><span class=\"screen-reader-text\">Rozp\u011bt\u00ed cen: 3.790&nbsp;&#075;&#269; a\u017e 8.890&nbsp;&#075;&#269;<\/span><\/div>\n\t\t\t\t\n\t\t\t\t<div class=\"wp-block-button wc-block-grid__product-add-to-cart\"><a href=\"https:\/\/roboriseit.com\/en\/product\/eco-team-spike-essential-curriculum\/\" aria-label=\"Vyberte nastaven\u00ed pro &bdquo;ECO TEAM SPIKE Essential Curriculum&ldquo;\" data-quantity=\"1\" data-product_id=\"65303\" data-product_sku=\"\" data-price=\"3725\" rel=\"nofollow\" class=\"wp-block-button__link  add_to_cart_button\">V\u00fdb\u011br mo\u017enost\u00ed<\/a><\/div>\n\t\t\t<\/li><li class=\"wc-block-grid__product\">\n\t\t\t\t<a href=\"https:\/\/roboriseit.com\/en\/product\/double-power-spike-essential-curriculum\/\" class=\"wc-block-grid__product-link\">\n\t\t\t\t\t\n\t\t\t\t\t<div class=\"wc-block-grid__product-image\"><img loading=\"lazy\" decoding=\"async\" width=\"420\" height=\"420\" src=\"https:\/\/roboriseit.com\/wp-content\/uploads\/2024\/01\/SPIKE_Essential_2_540-420x420.png\" class=\"attachment-woocommerce_thumbnail size-woocommerce_thumbnail\" alt=\"SPIKE Essential Double Power\" srcset=\"https:\/\/roboriseit.com\/wp-content\/uploads\/2024\/01\/SPIKE_Essential_2_540-420x420.png 420w, https:\/\/roboriseit.com\/wp-content\/uploads\/2024\/01\/SPIKE_Essential_2_540-300x300.png 300w, https:\/\/roboriseit.com\/wp-content\/uploads\/2024\/01\/SPIKE_Essential_2_540-150x150.png 150w, https:\/\/roboriseit.com\/wp-content\/uploads\/2024\/01\/SPIKE_Essential_2_540-230x230.png 230w, https:\/\/roboriseit.com\/wp-content\/uploads\/2024\/01\/SPIKE_Essential_2_540-350x350.png 350w, https:\/\/roboriseit.com\/wp-content\/uploads\/2024\/01\/SPIKE_Essential_2_540-480x480.png 480w, https:\/\/roboriseit.com\/wp-content\/uploads\/2024\/01\/SPIKE_Essential_2_540-24x24.png 24w, https:\/\/roboriseit.com\/wp-content\/uploads\/2024\/01\/SPIKE_Essential_2_540-36x36.png 36w, https:\/\/roboriseit.com\/wp-content\/uploads\/2024\/01\/SPIKE_Essential_2_540-48x48.png 48w, https:\/\/roboriseit.com\/wp-content\/uploads\/2024\/01\/SPIKE_Essential_2_540-100x100.png 100w, https:\/\/roboriseit.com\/wp-content\/uploads\/2024\/01\/SPIKE_Essential_2_540.png 540w\" sizes=\"auto, (max-width: 300px) 100px, (max-width: 600px) 200px, (max-width: 900px) 300px, (max-width: 1200px) 400px, (max-width: 1500px) 500px, (max-width: 1800px) 600px, (max-width: 2100px) 1124px, 1906px\" \/><\/div>\n\t\t\t\t\t<div class=\"wc-block-grid__product-title\">DOUBLE POWER SPIKE Essential Curriculum<\/div>\n\t\t\t\t<\/a>\n\t\t\t\t<div class=\"wc-block-grid__product-price price\"><span class=\"woocommerce-Price-amount amount\" aria-hidden=\"true\">3.790&nbsp;<span class=\"woocommerce-Price-currencySymbol\">&#075;&#269;<\/span><\/span> <span aria-hidden=\"true\">&ndash;<\/span> <span class=\"woocommerce-Price-amount amount\" aria-hidden=\"true\">8.890&nbsp;<span class=\"woocommerce-Price-currencySymbol\">&#075;&#269;<\/span><\/span><span class=\"screen-reader-text\">Rozp\u011bt\u00ed cen: 3.790&nbsp;&#075;&#269; a\u017e 8.890&nbsp;&#075;&#269;<\/span><\/div>\n\t\t\t\t\n\t\t\t\t<div class=\"wp-block-button wc-block-grid__product-add-to-cart\"><a href=\"https:\/\/roboriseit.com\/en\/product\/double-power-spike-essential-curriculum\/\" aria-label=\"Vyberte nastaven\u00ed pro &bdquo;DOUBLE POWER SPIKE Essential Curriculum&ldquo;\" data-quantity=\"1\" data-product_id=\"66527\" data-product_sku=\"\" data-price=\"3725\" rel=\"nofollow\" class=\"wp-block-button__link  add_to_cart_button\">V\u00fdb\u011br mo\u017enost\u00ed<\/a><\/div>\n\t\t\t<\/li><li class=\"wc-block-grid__product\">\n\t\t\t\t<a href=\"https:\/\/roboriseit.com\/cs\/product\/dino-park-spike-essential-curriculum\/\" class=\"wc-block-grid__product-link\">\n\t\t\t\t\t\n\t\t\t\t\t<div class=\"wc-block-grid__product-image\"><img loading=\"lazy\" decoding=\"async\" width=\"420\" height=\"420\" src=\"https:\/\/roboriseit.com\/wp-content\/uploads\/2024\/10\/SE_vol03_540n-420x420.png\" class=\"attachment-woocommerce_thumbnail size-woocommerce_thumbnail\" alt=\"SPIKE Essential DinoPark \" srcset=\"https:\/\/roboriseit.com\/wp-content\/uploads\/2024\/10\/SE_vol03_540n-420x420.png 420w, https:\/\/roboriseit.com\/wp-content\/uploads\/2024\/10\/SE_vol03_540n-300x300.png 300w, https:\/\/roboriseit.com\/wp-content\/uploads\/2024\/10\/SE_vol03_540n-150x150.png 150w, https:\/\/roboriseit.com\/wp-content\/uploads\/2024\/10\/SE_vol03_540n-230x230.png 230w, https:\/\/roboriseit.com\/wp-content\/uploads\/2024\/10\/SE_vol03_540n-350x350.png 350w, https:\/\/roboriseit.com\/wp-content\/uploads\/2024\/10\/SE_vol03_540n-480x480.png 480w, https:\/\/roboriseit.com\/wp-content\/uploads\/2024\/10\/SE_vol03_540n-24x24.png 24w, https:\/\/roboriseit.com\/wp-content\/uploads\/2024\/10\/SE_vol03_540n-36x36.png 36w, https:\/\/roboriseit.com\/wp-content\/uploads\/2024\/10\/SE_vol03_540n-48x48.png 48w, https:\/\/roboriseit.com\/wp-content\/uploads\/2024\/10\/SE_vol03_540n-100x100.png 100w, https:\/\/roboriseit.com\/wp-content\/uploads\/2024\/10\/SE_vol03_540n.png 540w\" sizes=\"auto, (max-width: 300px) 100px, (max-width: 600px) 200px, (max-width: 900px) 300px, (max-width: 1200px) 400px, (max-width: 1500px) 500px, (max-width: 1800px) 600px, (max-width: 2100px) 1124px, 1906px\" \/><\/div>\n\t\t\t\t\t<div class=\"wc-block-grid__product-title\">DINO PARK SPIKE Essential Curriculum<\/div>\n\t\t\t\t<\/a>\n\t\t\t\t<div class=\"wc-block-grid__product-price price\"><span class=\"woocommerce-Price-amount amount\" aria-hidden=\"true\">3.790&nbsp;<span class=\"woocommerce-Price-currencySymbol\">&#075;&#269;<\/span><\/span> <span aria-hidden=\"true\">&ndash;<\/span> <span class=\"woocommerce-Price-amount amount\" aria-hidden=\"true\">8.890&nbsp;<span class=\"woocommerce-Price-currencySymbol\">&#075;&#269;<\/span><\/span><span class=\"screen-reader-text\">Rozp\u011bt\u00ed cen: 3.790&nbsp;&#075;&#269; a\u017e 8.890&nbsp;&#075;&#269;<\/span><\/div>\n\t\t\t\t\n\t\t\t\t<div class=\"wp-block-button wc-block-grid__product-add-to-cart\"><a href=\"https:\/\/roboriseit.com\/cs\/product\/dino-park-spike-essential-curriculum\/\" aria-label=\"Vyberte nastaven\u00ed pro &bdquo;DINO PARK SPIKE Essential Curriculum&ldquo;\" data-quantity=\"1\" data-product_id=\"69038\" data-product_sku=\"\" data-price=\"3725\" rel=\"nofollow\" class=\"wp-block-button__link  add_to_cart_button\">V\u00fdb\u011br mo\u017enost\u00ed<\/a><\/div>\n\t\t\t<\/li><\/ul><\/div>\n\n<h2>Speci\u00e1ln\u00ed projekty<\/h2>\n\n<div data-block-name=\"woocommerce\/product-category\" data-categories=\"[422]\" data-columns=\"4\" class=\"wc-block-grid wp-block-product-category wp-block-woocommerce-product-category wc-block-product-category has-4-columns has-multiple-rows\"><ul class=\"wc-block-grid__products\"><li class=\"wc-block-grid__product\">\n\t\t\t\t<a href=\"https:\/\/roboriseit.com\/en\/product\/easterbunny-spike-essential-special-project\/\" class=\"wc-block-grid__product-link\">\n\t\t\t\t\t\n\t\t\t\t\t<div class=\"wc-block-grid__product-image\"><img loading=\"lazy\" decoding=\"async\" width=\"420\" height=\"420\" src=\"https:\/\/roboriseit.com\/wp-content\/uploads\/2025\/04\/Easter_bunny_1080x1080_SPE_540n-420x420.png\" class=\"attachment-woocommerce_thumbnail size-woocommerce_thumbnail\" alt=\"Easter Bunny SPIKE Essential Special Project\" srcset=\"https:\/\/roboriseit.com\/wp-content\/uploads\/2025\/04\/Easter_bunny_1080x1080_SPE_540n-420x420.png 420w, https:\/\/roboriseit.com\/wp-content\/uploads\/2025\/04\/Easter_bunny_1080x1080_SPE_540n-300x300.png 300w, https:\/\/roboriseit.com\/wp-content\/uploads\/2025\/04\/Easter_bunny_1080x1080_SPE_540n-150x150.png 150w, https:\/\/roboriseit.com\/wp-content\/uploads\/2025\/04\/Easter_bunny_1080x1080_SPE_540n-230x230.png 230w, https:\/\/roboriseit.com\/wp-content\/uploads\/2025\/04\/Easter_bunny_1080x1080_SPE_540n-350x350.png 350w, https:\/\/roboriseit.com\/wp-content\/uploads\/2025\/04\/Easter_bunny_1080x1080_SPE_540n-480x480.png 480w, https:\/\/roboriseit.com\/wp-content\/uploads\/2025\/04\/Easter_bunny_1080x1080_SPE_540n-24x24.png 24w, https:\/\/roboriseit.com\/wp-content\/uploads\/2025\/04\/Easter_bunny_1080x1080_SPE_540n-36x36.png 36w, https:\/\/roboriseit.com\/wp-content\/uploads\/2025\/04\/Easter_bunny_1080x1080_SPE_540n-48x48.png 48w, https:\/\/roboriseit.com\/wp-content\/uploads\/2025\/04\/Easter_bunny_1080x1080_SPE_540n-100x100.png 100w, https:\/\/roboriseit.com\/wp-content\/uploads\/2025\/04\/Easter_bunny_1080x1080_SPE_540n.png 540w\" sizes=\"auto, (max-width: 300px) 100px, (max-width: 600px) 200px, (max-width: 900px) 300px, (max-width: 1200px) 400px, (max-width: 1500px) 500px, (max-width: 1800px) 600px, (max-width: 2100px) 1124px, 1906px\" \/><\/div>\n\t\t\t\t\t<div class=\"wc-block-grid__product-title\">Easter Bunny SPIKE Essential Special Project<\/div>\n\t\t\t\t<\/a>\n\t\t\t\t<div class=\"wc-block-grid__product-price price\"><span class=\"woocommerce-Price-amount amount\" aria-hidden=\"true\">374&nbsp;<span class=\"woocommerce-Price-currencySymbol\">&#075;&#269;<\/span><\/span> <span aria-hidden=\"true\">&ndash;<\/span> <span class=\"woocommerce-Price-amount amount\" aria-hidden=\"true\">1.874&nbsp;<span class=\"woocommerce-Price-currencySymbol\">&#075;&#269;<\/span><\/span><span class=\"screen-reader-text\">Rozp\u011bt\u00ed cen: 374&nbsp;&#075;&#269; a\u017e 1.874&nbsp;&#075;&#269;<\/span><\/div>\n\t\t\t\t\n\t\t\t\t<div class=\"wp-block-button wc-block-grid__product-add-to-cart\"><a href=\"https:\/\/roboriseit.com\/en\/product\/easterbunny-spike-essential-special-project\/\" aria-label=\"Vyberte nastaven\u00ed pro &bdquo;Easter Bunny SPIKE Essential Special Project&ldquo;\" data-quantity=\"1\" data-product_id=\"70112\" data-product_sku=\"\" data-price=\"374\" rel=\"nofollow\" class=\"wp-block-button__link  add_to_cart_button\">V\u00fdb\u011br mo\u017enost\u00ed<\/a><\/div>\n\t\t\t<\/li><li class=\"wc-block-grid__product\">\n\t\t\t\t<a href=\"https:\/\/roboriseit.com\/en\/product\/seabastian-spike-essential-special-project\/\" class=\"wc-block-grid__product-link\">\n\t\t\t\t\t\n\t\t\t\t\t<div class=\"wc-block-grid__product-image\"><img loading=\"lazy\" decoding=\"async\" width=\"420\" height=\"420\" src=\"https:\/\/roboriseit.com\/wp-content\/uploads\/2024\/07\/SeaBastian_540n-420x420.png\" class=\"attachment-woocommerce_thumbnail size-woocommerce_thumbnail\" alt=\"SeaBastian SPIKE Essential\" srcset=\"https:\/\/roboriseit.com\/wp-content\/uploads\/2024\/07\/SeaBastian_540n-420x420.png 420w, https:\/\/roboriseit.com\/wp-content\/uploads\/2024\/07\/SeaBastian_540n-300x300.png 300w, https:\/\/roboriseit.com\/wp-content\/uploads\/2024\/07\/SeaBastian_540n-150x150.png 150w, https:\/\/roboriseit.com\/wp-content\/uploads\/2024\/07\/SeaBastian_540n-230x230.png 230w, https:\/\/roboriseit.com\/wp-content\/uploads\/2024\/07\/SeaBastian_540n-350x350.png 350w, https:\/\/roboriseit.com\/wp-content\/uploads\/2024\/07\/SeaBastian_540n-480x480.png 480w, https:\/\/roboriseit.com\/wp-content\/uploads\/2024\/07\/SeaBastian_540n-24x24.png 24w, https:\/\/roboriseit.com\/wp-content\/uploads\/2024\/07\/SeaBastian_540n-36x36.png 36w, https:\/\/roboriseit.com\/wp-content\/uploads\/2024\/07\/SeaBastian_540n-48x48.png 48w, https:\/\/roboriseit.com\/wp-content\/uploads\/2024\/07\/SeaBastian_540n-100x100.png 100w, https:\/\/roboriseit.com\/wp-content\/uploads\/2024\/07\/SeaBastian_540n.png 540w\" sizes=\"auto, (max-width: 300px) 100px, (max-width: 600px) 200px, (max-width: 900px) 300px, (max-width: 1200px) 400px, (max-width: 1500px) 500px, (max-width: 1800px) 600px, (max-width: 2100px) 1124px, 1906px\" \/><\/div>\n\t\t\t\t\t<div class=\"wc-block-grid__product-title\">SeaBastian SPIKE Essential Special Project<\/div>\n\t\t\t\t<\/a>\n\t\t\t\t<div class=\"wc-block-grid__product-price price\"><span class=\"woocommerce-Price-amount amount\" aria-hidden=\"true\">249&nbsp;<span class=\"woocommerce-Price-currencySymbol\">&#075;&#269;<\/span><\/span> <span aria-hidden=\"true\">&ndash;<\/span> <span class=\"woocommerce-Price-amount amount\" aria-hidden=\"true\">1.225&nbsp;<span class=\"woocommerce-Price-currencySymbol\">&#075;&#269;<\/span><\/span><span class=\"screen-reader-text\">Rozp\u011bt\u00ed cen: 249&nbsp;&#075;&#269; a\u017e 1.225&nbsp;&#075;&#269;<\/span><\/div>\n\t\t\t\t\n\t\t\t\t<div class=\"wp-block-button wc-block-grid__product-add-to-cart\"><a href=\"https:\/\/roboriseit.com\/en\/product\/seabastian-spike-essential-special-project\/\" aria-label=\"Vyberte nastaven\u00ed pro &bdquo;SeaBastian SPIKE Essential Special Project&ldquo;\" data-quantity=\"1\" data-product_id=\"68169\" data-product_sku=\"\" data-price=\"249\" rel=\"nofollow\" class=\"wp-block-button__link  add_to_cart_button\">V\u00fdb\u011br mo\u017enost\u00ed<\/a><\/div>\n\t\t\t<\/li><li class=\"wc-block-grid__product\">\n\t\t\t\t<a href=\"https:\/\/roboriseit.com\/cs\/product\/santas-train-spike-essential-special-project\/\" class=\"wc-block-grid__product-link\">\n\t\t\t\t\t\n\t\t\t\t\t<div class=\"wc-block-grid__product-image\"><img loading=\"lazy\" decoding=\"async\" width=\"420\" height=\"420\" src=\"https:\/\/roboriseit.com\/wp-content\/uploads\/2023\/12\/Santas_Train_540n-420x420.png\" class=\"attachment-woocommerce_thumbnail size-woocommerce_thumbnail\" alt=\"Santa`s Train SPIKE Essential Special Project\" srcset=\"https:\/\/roboriseit.com\/wp-content\/uploads\/2023\/12\/Santas_Train_540n-420x420.png 420w, https:\/\/roboriseit.com\/wp-content\/uploads\/2023\/12\/Santas_Train_540n-300x300.png 300w, https:\/\/roboriseit.com\/wp-content\/uploads\/2023\/12\/Santas_Train_540n-150x150.png 150w, https:\/\/roboriseit.com\/wp-content\/uploads\/2023\/12\/Santas_Train_540n-230x230.png 230w, https:\/\/roboriseit.com\/wp-content\/uploads\/2023\/12\/Santas_Train_540n-350x350.png 350w, https:\/\/roboriseit.com\/wp-content\/uploads\/2023\/12\/Santas_Train_540n-480x480.png 480w, https:\/\/roboriseit.com\/wp-content\/uploads\/2023\/12\/Santas_Train_540n-24x24.png 24w, https:\/\/roboriseit.com\/wp-content\/uploads\/2023\/12\/Santas_Train_540n-36x36.png 36w, https:\/\/roboriseit.com\/wp-content\/uploads\/2023\/12\/Santas_Train_540n-48x48.png 48w, https:\/\/roboriseit.com\/wp-content\/uploads\/2023\/12\/Santas_Train_540n-100x100.png 100w, https:\/\/roboriseit.com\/wp-content\/uploads\/2023\/12\/Santas_Train_540n.png 540w\" sizes=\"auto, (max-width: 300px) 100px, (max-width: 600px) 200px, (max-width: 900px) 300px, (max-width: 1200px) 400px, (max-width: 1500px) 500px, (max-width: 1800px) 600px, (max-width: 2100px) 1124px, 1906px\" \/><\/div>\n\t\t\t\t\t<div class=\"wc-block-grid__product-title\">Santa`s Train SPIKE Essential Special Project<\/div>\n\t\t\t\t<\/a>\n\t\t\t\t<div class=\"wc-block-grid__product-price price\"><span class=\"woocommerce-Price-amount amount\" aria-hidden=\"true\">249&nbsp;<span class=\"woocommerce-Price-currencySymbol\">&#075;&#269;<\/span><\/span> <span aria-hidden=\"true\">&ndash;<\/span> <span class=\"woocommerce-Price-amount amount\" aria-hidden=\"true\">1.225&nbsp;<span class=\"woocommerce-Price-currencySymbol\">&#075;&#269;<\/span><\/span><span class=\"screen-reader-text\">Rozp\u011bt\u00ed cen: 249&nbsp;&#075;&#269; a\u017e 1.225&nbsp;&#075;&#269;<\/span><\/div>\n\t\t\t\t\n\t\t\t\t<div class=\"wp-block-button wc-block-grid__product-add-to-cart\"><a href=\"https:\/\/roboriseit.com\/cs\/product\/santas-train-spike-essential-special-project\/\" aria-label=\"Vyberte nastaven\u00ed pro &bdquo;Santa`s Train SPIKE Essential Special Project&ldquo;\" data-quantity=\"1\" data-product_id=\"66061\" data-product_sku=\"\" data-price=\"249\" rel=\"nofollow\" class=\"wp-block-button__link  add_to_cart_button\">V\u00fdb\u011br mo\u017enost\u00ed<\/a><\/div>\n\t\t\t<\/li><li class=\"wc-block-grid__product\">\n\t\t\t\t<a href=\"https:\/\/roboriseit.com\/cs\/product\/prime-spike-essential-special-project\/\" class=\"wc-block-grid__product-link\">\n\t\t\t\t\t\n\t\t\t\t\t<div class=\"wc-block-grid__product-image\"><img loading=\"lazy\" decoding=\"async\" width=\"420\" height=\"420\" src=\"https:\/\/roboriseit.com\/wp-content\/uploads\/2022\/07\/Pics_shop_540_Prime-420x420.png\" class=\"attachment-woocommerce_thumbnail size-woocommerce_thumbnail\" alt=\"Prime SPIKE Essential lesson\" srcset=\"https:\/\/roboriseit.com\/wp-content\/uploads\/2022\/07\/Pics_shop_540_Prime-420x420.png 420w, https:\/\/roboriseit.com\/wp-content\/uploads\/2022\/07\/Pics_shop_540_Prime-100x100.png 100w, https:\/\/roboriseit.com\/wp-content\/uploads\/2022\/07\/Pics_shop_540_Prime-300x300.png 300w, https:\/\/roboriseit.com\/wp-content\/uploads\/2022\/07\/Pics_shop_540_Prime-150x150.png 150w, https:\/\/roboriseit.com\/wp-content\/uploads\/2022\/07\/Pics_shop_540_Prime-230x230.png 230w, https:\/\/roboriseit.com\/wp-content\/uploads\/2022\/07\/Pics_shop_540_Prime-350x350.png 350w, https:\/\/roboriseit.com\/wp-content\/uploads\/2022\/07\/Pics_shop_540_Prime-480x480.png 480w, https:\/\/roboriseit.com\/wp-content\/uploads\/2022\/07\/Pics_shop_540_Prime-24x24.png 24w, https:\/\/roboriseit.com\/wp-content\/uploads\/2022\/07\/Pics_shop_540_Prime-36x36.png 36w, https:\/\/roboriseit.com\/wp-content\/uploads\/2022\/07\/Pics_shop_540_Prime-48x48.png 48w, https:\/\/roboriseit.com\/wp-content\/uploads\/2022\/07\/Pics_shop_540_Prime-60x60.png 60w, https:\/\/roboriseit.com\/wp-content\/uploads\/2022\/07\/Pics_shop_540_Prime-90x90.png 90w, https:\/\/roboriseit.com\/wp-content\/uploads\/2022\/07\/Pics_shop_540_Prime.png 540w\" sizes=\"auto, (max-width: 300px) 100px, (max-width: 600px) 200px, (max-width: 900px) 300px, (max-width: 1200px) 400px, (max-width: 1500px) 500px, (max-width: 1800px) 600px, (max-width: 2100px) 1124px, 1906px\" \/><\/div>\n\t\t\t\t\t<div class=\"wc-block-grid__product-title\">Prime SPIKE Essential Special Project<\/div>\n\t\t\t\t<\/a>\n\t\t\t\t<div class=\"wc-block-grid__product-price price\"><span class=\"woocommerce-Price-amount amount\" aria-hidden=\"true\">249&nbsp;<span class=\"woocommerce-Price-currencySymbol\">&#075;&#269;<\/span><\/span> <span aria-hidden=\"true\">&ndash;<\/span> <span class=\"woocommerce-Price-amount amount\" aria-hidden=\"true\">1.225&nbsp;<span class=\"woocommerce-Price-currencySymbol\">&#075;&#269;<\/span><\/span><span class=\"screen-reader-text\">Rozp\u011bt\u00ed cen: 249&nbsp;&#075;&#269; a\u017e 1.225&nbsp;&#075;&#269;<\/span><\/div>\n\t\t\t\t\n\t\t\t\t<div class=\"wp-block-button wc-block-grid__product-add-to-cart\"><a href=\"https:\/\/roboriseit.com\/cs\/product\/prime-spike-essential-special-project\/\" aria-label=\"Vyberte nastaven\u00ed pro &bdquo;Prime SPIKE Essential Special Project&ldquo;\" data-quantity=\"1\" data-product_id=\"54953\" data-product_sku=\"\" data-price=\"249\" rel=\"nofollow\" class=\"wp-block-button__link  add_to_cart_button\">V\u00fdb\u011br mo\u017enost\u00ed<\/a><\/div>\n\t\t\t<\/li><\/ul><\/div>","protected":false},"excerpt":{"rendered":"<p>Kurzy Speci\u00e1ln\u00ed projekty<\/p>\n","protected":false},"author":1,"featured_media":0,"parent":0,"menu_order":0,"comment_status":"closed","ping_status":"closed","template":"page-templates\/page_front-page.php","meta":{"footnotes":""},"class_list":["post-54938","page","type-page","status-publish","hentry"],"aioseo_notices":[],"_links":{"self":[{"href":"https:\/\/roboriseit.com\/cs\/wp-json\/wp\/v2\/pages\/54938","targetHints":{"allow":["GET"]}}],"collection":[{"href":"https:\/\/roboriseit.com\/cs\/wp-json\/wp\/v2\/pages"}],"about":[{"href":"https:\/\/roboriseit.com\/cs\/wp-json\/wp\/v2\/types\/page"}],"author":[{"embeddable":true,"href":"https:\/\/roboriseit.com\/cs\/wp-json\/wp\/v2\/users\/1"}],"replies":[{"embeddable":true,"href":"https:\/\/roboriseit.com\/cs\/wp-json\/wp\/v2\/comments?post=54938"}],"version-history":[{"count":4,"href":"https:\/\/roboriseit.com\/cs\/wp-json\/wp\/v2\/pages\/54938\/revisions"}],"predecessor-version":[{"id":70386,"href":"https:\/\/roboriseit.com\/cs\/wp-json\/wp\/v2\/pages\/54938\/revisions\/70386"}],"wp:attachment":[{"href":"https:\/\/roboriseit.com\/cs\/wp-json\/wp\/v2\/media?parent=54938"}],"curies":[{"name":"wp","href":"https:\/\/api.w.org\/{rel}","templated":true}]}}