{"id":61844,"date":"2022-12-21T08:01:30","date_gmt":"2022-12-21T05:01:30","guid":{"rendered":"https:\/\/roboriseit.com\/preschool-10698\/"},"modified":"2023-01-21T17:58:50","modified_gmt":"2023-01-21T14:58:50","slug":"preschool-10698","status":"publish","type":"page","link":"https:\/\/roboriseit.com\/cs\/preschool-10698\/","title":{"rendered":"Preschool"},"content":{"rendered":"<h2>Courses<\/h2>\n\n<div data-block-name=\"woocommerce\/product-category\" data-categories=\"[467]\" data-columns=\"4\" data-orderby=\"menu_order\" class=\"wc-block-grid wp-block-product-category wp-block-woocommerce-product-category wc-block-product-category has-4-columns has-multiple-rows\"><ul class=\"wc-block-grid__products\"><li class=\"wc-block-grid__product\">\n\t\t\t\t<a href=\"https:\/\/roboriseit.com\/cs\/product\/now-i-know-vol-1-preschool-course-10698\/\" class=\"wc-block-grid__product-link\">\n\t\t\t\t\t\n\t\t\t\t\t<div class=\"wc-block-grid__product-image\"><img loading=\"lazy\" decoding=\"async\" width=\"420\" height=\"420\" src=\"https:\/\/roboriseit.com\/wp-content\/uploads\/2022\/09\/Preschool_Vol.1_Pics_shop_540-420x420.png\" class=\"attachment-woocommerce_thumbnail size-woocommerce_thumbnail\" alt=\"Preschool NowIKnow 1 Dino\" srcset=\"https:\/\/roboriseit.com\/wp-content\/uploads\/2022\/09\/Preschool_Vol.1_Pics_shop_540-420x420.png 420w, https:\/\/roboriseit.com\/wp-content\/uploads\/2022\/09\/Preschool_Vol.1_Pics_shop_540-300x300.png 300w, https:\/\/roboriseit.com\/wp-content\/uploads\/2022\/09\/Preschool_Vol.1_Pics_shop_540-150x150.png 150w, https:\/\/roboriseit.com\/wp-content\/uploads\/2022\/09\/Preschool_Vol.1_Pics_shop_540-230x230.png 230w, https:\/\/roboriseit.com\/wp-content\/uploads\/2022\/09\/Preschool_Vol.1_Pics_shop_540-350x350.png 350w, https:\/\/roboriseit.com\/wp-content\/uploads\/2022\/09\/Preschool_Vol.1_Pics_shop_540-480x480.png 480w, https:\/\/roboriseit.com\/wp-content\/uploads\/2022\/09\/Preschool_Vol.1_Pics_shop_540-24x24.png 24w, https:\/\/roboriseit.com\/wp-content\/uploads\/2022\/09\/Preschool_Vol.1_Pics_shop_540-36x36.png 36w, https:\/\/roboriseit.com\/wp-content\/uploads\/2022\/09\/Preschool_Vol.1_Pics_shop_540-48x48.png 48w, https:\/\/roboriseit.com\/wp-content\/uploads\/2022\/09\/Preschool_Vol.1_Pics_shop_540-100x100.png 100w, https:\/\/roboriseit.com\/wp-content\/uploads\/2022\/09\/Preschool_Vol.1_Pics_shop_540-60x60.png 60w, https:\/\/roboriseit.com\/wp-content\/uploads\/2022\/09\/Preschool_Vol.1_Pics_shop_540-90x90.png 90w, https:\/\/roboriseit.com\/wp-content\/uploads\/2022\/09\/Preschool_Vol.1_Pics_shop_540.png 540w\" sizes=\"auto, (max-width: 300px) 100px, (max-width: 600px) 200px, (max-width: 900px) 300px, (max-width: 1200px) 400px, (max-width: 1500px) 500px, (max-width: 1800px) 600px, (max-width: 2100px) 1124px, 1906px\" \/><\/div>\n\t\t\t\t\t<div class=\"wc-block-grid__product-title\">Now I Know! Dino vol.1 preschool course (10698)<\/div>\n\t\t\t\t<\/a>\n\t\t\t\t<div class=\"wc-block-grid__product-price price\"><span class=\"woocommerce-Price-amount amount\" aria-hidden=\"true\">2.475&nbsp;<span class=\"woocommerce-Price-currencySymbol\">&#075;&#269;<\/span><\/span> <span aria-hidden=\"true\">&ndash;<\/span> <span class=\"woocommerce-Price-amount amount\" aria-hidden=\"true\">6.125&nbsp;<span class=\"woocommerce-Price-currencySymbol\">&#075;&#269;<\/span><\/span><span class=\"screen-reader-text\">Rozp\u011bt\u00ed cen: 2.475&nbsp;&#075;&#269; a\u017e 6.125&nbsp;&#075;&#269;<\/span><\/div>\n\t\t\t\t\n\t\t\t\t<div class=\"wp-block-button wc-block-grid__product-add-to-cart\"><a href=\"https:\/\/roboriseit.com\/cs\/product\/now-i-know-vol-1-preschool-course-10698\/\" aria-label=\"Vyberte nastaven\u00ed pro &bdquo;Now I Know! Dino vol.1 preschool course (10698)&ldquo;\" data-quantity=\"1\" data-product_id=\"56208\" data-product_sku=\"\" data-price=\"6125\" rel=\"nofollow\" class=\"wp-block-button__link  add_to_cart_button\">V\u00fdb\u011br mo\u017enost\u00ed<\/a><\/div>\n\t\t\t<\/li><li class=\"wc-block-grid__product\">\n\t\t\t\t<a href=\"https:\/\/roboriseit.com\/cs\/product\/now-i-know-ocean-vol-2-preschool-course-10698\/\" class=\"wc-block-grid__product-link\">\n\t\t\t\t\t\n\t\t\t\t\t<div class=\"wc-block-grid__product-image\"><img loading=\"lazy\" decoding=\"async\" width=\"420\" height=\"420\" src=\"https:\/\/roboriseit.com\/wp-content\/uploads\/2023\/01\/Preschool_Vol.2_Pics_shop_540-420x420.png\" class=\"attachment-woocommerce_thumbnail size-woocommerce_thumbnail\" alt=\"Preschool NowIKnow! Ocean Vol.2\" srcset=\"https:\/\/roboriseit.com\/wp-content\/uploads\/2023\/01\/Preschool_Vol.2_Pics_shop_540-420x420.png 420w, https:\/\/roboriseit.com\/wp-content\/uploads\/2023\/01\/Preschool_Vol.2_Pics_shop_540-300x300.png 300w, https:\/\/roboriseit.com\/wp-content\/uploads\/2023\/01\/Preschool_Vol.2_Pics_shop_540-150x150.png 150w, https:\/\/roboriseit.com\/wp-content\/uploads\/2023\/01\/Preschool_Vol.2_Pics_shop_540-230x230.png 230w, https:\/\/roboriseit.com\/wp-content\/uploads\/2023\/01\/Preschool_Vol.2_Pics_shop_540-350x350.png 350w, https:\/\/roboriseit.com\/wp-content\/uploads\/2023\/01\/Preschool_Vol.2_Pics_shop_540-480x480.png 480w, https:\/\/roboriseit.com\/wp-content\/uploads\/2023\/01\/Preschool_Vol.2_Pics_shop_540-24x24.png 24w, https:\/\/roboriseit.com\/wp-content\/uploads\/2023\/01\/Preschool_Vol.2_Pics_shop_540-36x36.png 36w, https:\/\/roboriseit.com\/wp-content\/uploads\/2023\/01\/Preschool_Vol.2_Pics_shop_540-48x48.png 48w, https:\/\/roboriseit.com\/wp-content\/uploads\/2023\/01\/Preschool_Vol.2_Pics_shop_540-100x100.png 100w, https:\/\/roboriseit.com\/wp-content\/uploads\/2023\/01\/Preschool_Vol.2_Pics_shop_540.png 540w\" sizes=\"auto, (max-width: 300px) 100px, (max-width: 600px) 200px, (max-width: 900px) 300px, (max-width: 1200px) 400px, (max-width: 1500px) 500px, (max-width: 1800px) 600px, (max-width: 2100px) 1124px, 1906px\" \/><\/div>\n\t\t\t\t\t<div class=\"wc-block-grid__product-title\">Now I Know! Ocean vol.2 preschool course (10698)<\/div>\n\t\t\t\t<\/a>\n\t\t\t\t<div class=\"wc-block-grid__product-price price\"><span class=\"woocommerce-Price-amount amount\" aria-hidden=\"true\">1.546.875&nbsp;<span class=\"woocommerce-Price-currencySymbol\">&#075;&#269;<\/span><\/span> <span aria-hidden=\"true\">&ndash;<\/span> <span class=\"woocommerce-Price-amount amount\" aria-hidden=\"true\">3.828.125&nbsp;<span class=\"woocommerce-Price-currencySymbol\">&#075;&#269;<\/span><\/span><span class=\"screen-reader-text\">Rozp\u011bt\u00ed cen: 1.546.875&nbsp;&#075;&#269; a\u017e 3.828.125&nbsp;&#075;&#269;<\/span><\/div>\n\t\t\t\t\n\t\t\t\t<div class=\"wp-block-button wc-block-grid__product-add-to-cart\"><a href=\"https:\/\/roboriseit.com\/cs\/product\/now-i-know-ocean-vol-2-preschool-course-10698\/\" aria-label=\"Vyberte nastaven\u00ed pro &bdquo;Now I Know! Ocean vol.2 preschool course (10698)&ldquo;\" data-quantity=\"1\" data-product_id=\"62053\" data-product_sku=\"\" data-price=\"2475\" rel=\"nofollow\" class=\"wp-block-button__link  add_to_cart_button\">V\u00fdb\u011br mo\u017enost\u00ed<\/a><\/div>\n\t\t\t<\/li><li class=\"wc-block-grid__product\">\n\t\t\t\t<a href=\"https:\/\/roboriseit.com\/cs\/product\/now-i-know-space-vol-3-preschool-course-10698\/\" class=\"wc-block-grid__product-link\">\n\t\t\t\t\t\n\t\t\t\t\t<div class=\"wc-block-grid__product-image\"><img loading=\"lazy\" decoding=\"async\" width=\"420\" height=\"420\" src=\"https:\/\/roboriseit.com\/wp-content\/uploads\/2023\/05\/Preschool_Vol.3_Pics_shop_540-420x420.png\" class=\"attachment-woocommerce_thumbnail size-woocommerce_thumbnail\" alt=\"Preschool NowIKnow! Space Vol.3\" srcset=\"https:\/\/roboriseit.com\/wp-content\/uploads\/2023\/05\/Preschool_Vol.3_Pics_shop_540-420x420.png 420w, https:\/\/roboriseit.com\/wp-content\/uploads\/2023\/05\/Preschool_Vol.3_Pics_shop_540-300x300.png 300w, https:\/\/roboriseit.com\/wp-content\/uploads\/2023\/05\/Preschool_Vol.3_Pics_shop_540-150x150.png 150w, https:\/\/roboriseit.com\/wp-content\/uploads\/2023\/05\/Preschool_Vol.3_Pics_shop_540-230x230.png 230w, https:\/\/roboriseit.com\/wp-content\/uploads\/2023\/05\/Preschool_Vol.3_Pics_shop_540-350x350.png 350w, https:\/\/roboriseit.com\/wp-content\/uploads\/2023\/05\/Preschool_Vol.3_Pics_shop_540-480x480.png 480w, https:\/\/roboriseit.com\/wp-content\/uploads\/2023\/05\/Preschool_Vol.3_Pics_shop_540-24x24.png 24w, https:\/\/roboriseit.com\/wp-content\/uploads\/2023\/05\/Preschool_Vol.3_Pics_shop_540-36x36.png 36w, https:\/\/roboriseit.com\/wp-content\/uploads\/2023\/05\/Preschool_Vol.3_Pics_shop_540-48x48.png 48w, https:\/\/roboriseit.com\/wp-content\/uploads\/2023\/05\/Preschool_Vol.3_Pics_shop_540-100x100.png 100w, https:\/\/roboriseit.com\/wp-content\/uploads\/2023\/05\/Preschool_Vol.3_Pics_shop_540.png 540w\" sizes=\"auto, (max-width: 300px) 100px, (max-width: 600px) 200px, (max-width: 900px) 300px, (max-width: 1200px) 400px, (max-width: 1500px) 500px, (max-width: 1800px) 600px, (max-width: 2100px) 1124px, 1906px\" \/><\/div>\n\t\t\t\t\t<div class=\"wc-block-grid__product-title\">Now I Know! Space vol.3 preschool course (10698)<\/div>\n\t\t\t\t<\/a>\n\t\t\t\t<div class=\"wc-block-grid__product-price price\"><span class=\"woocommerce-Price-amount amount\" aria-hidden=\"true\">1.546.875&nbsp;<span class=\"woocommerce-Price-currencySymbol\">&#075;&#269;<\/span><\/span> <span aria-hidden=\"true\">&ndash;<\/span> <span class=\"woocommerce-Price-amount amount\" aria-hidden=\"true\">3.828.125&nbsp;<span class=\"woocommerce-Price-currencySymbol\">&#075;&#269;<\/span><\/span><span class=\"screen-reader-text\">Rozp\u011bt\u00ed cen: 1.546.875&nbsp;&#075;&#269; a\u017e 3.828.125&nbsp;&#075;&#269;<\/span><\/div>\n\t\t\t\t\n\t\t\t\t<div class=\"wp-block-button wc-block-grid__product-add-to-cart\"><a href=\"https:\/\/roboriseit.com\/cs\/product\/now-i-know-space-vol-3-preschool-course-10698\/\" aria-label=\"Vyberte nastaven\u00ed pro &bdquo;Now I Know! Space vol.3 preschool course (10698)&ldquo;\" data-quantity=\"1\" data-product_id=\"63020\" data-product_sku=\"\" data-price=\"6125\" rel=\"nofollow\" class=\"wp-block-button__link  add_to_cart_button\">V\u00fdb\u011br mo\u017enost\u00ed<\/a><\/div>\n\t\t\t<\/li><li class=\"wc-block-grid__product\">\n\t\t\t\t<a href=\"https:\/\/roboriseit.com\/cs\/product\/now-i-know-city-vol-4-preschool-course-10698\/\" class=\"wc-block-grid__product-link\">\n\t\t\t\t\t\n\t\t\t\t\t<div class=\"wc-block-grid__product-image\"><img loading=\"lazy\" decoding=\"async\" width=\"420\" height=\"420\" src=\"https:\/\/roboriseit.com\/wp-content\/uploads\/2023\/06\/Preschool_Vol.4_Pics_shop_540-420x420.png\" class=\"attachment-woocommerce_thumbnail size-woocommerce_thumbnail\" alt=\"Now I Know! City vol.4 preschool course (10698)\" srcset=\"https:\/\/roboriseit.com\/wp-content\/uploads\/2023\/06\/Preschool_Vol.4_Pics_shop_540-420x420.png 420w, https:\/\/roboriseit.com\/wp-content\/uploads\/2023\/06\/Preschool_Vol.4_Pics_shop_540-300x300.png 300w, https:\/\/roboriseit.com\/wp-content\/uploads\/2023\/06\/Preschool_Vol.4_Pics_shop_540-150x150.png 150w, https:\/\/roboriseit.com\/wp-content\/uploads\/2023\/06\/Preschool_Vol.4_Pics_shop_540-230x230.png 230w, https:\/\/roboriseit.com\/wp-content\/uploads\/2023\/06\/Preschool_Vol.4_Pics_shop_540-350x350.png 350w, https:\/\/roboriseit.com\/wp-content\/uploads\/2023\/06\/Preschool_Vol.4_Pics_shop_540-480x480.png 480w, https:\/\/roboriseit.com\/wp-content\/uploads\/2023\/06\/Preschool_Vol.4_Pics_shop_540-24x24.png 24w, https:\/\/roboriseit.com\/wp-content\/uploads\/2023\/06\/Preschool_Vol.4_Pics_shop_540-36x36.png 36w, https:\/\/roboriseit.com\/wp-content\/uploads\/2023\/06\/Preschool_Vol.4_Pics_shop_540-48x48.png 48w, https:\/\/roboriseit.com\/wp-content\/uploads\/2023\/06\/Preschool_Vol.4_Pics_shop_540-100x100.png 100w, https:\/\/roboriseit.com\/wp-content\/uploads\/2023\/06\/Preschool_Vol.4_Pics_shop_540.png 540w\" sizes=\"auto, (max-width: 300px) 100px, (max-width: 600px) 200px, (max-width: 900px) 300px, (max-width: 1200px) 400px, (max-width: 1500px) 500px, (max-width: 1800px) 600px, (max-width: 2100px) 1124px, 1906px\" \/><\/div>\n\t\t\t\t\t<div class=\"wc-block-grid__product-title\">Now I Know! City vol.4 preschool course (10698)<\/div>\n\t\t\t\t<\/a>\n\t\t\t\t<div class=\"wc-block-grid__product-price price\"><span class=\"woocommerce-Price-amount amount\" aria-hidden=\"true\">1.546.875&nbsp;<span class=\"woocommerce-Price-currencySymbol\">&#075;&#269;<\/span><\/span> <span aria-hidden=\"true\">&ndash;<\/span> <span class=\"woocommerce-Price-amount amount\" aria-hidden=\"true\">3.828.125&nbsp;<span class=\"woocommerce-Price-currencySymbol\">&#075;&#269;<\/span><\/span><span class=\"screen-reader-text\">Rozp\u011bt\u00ed cen: 1.546.875&nbsp;&#075;&#269; a\u017e 3.828.125&nbsp;&#075;&#269;<\/span><\/div>\n\t\t\t\t\n\t\t\t\t<div class=\"wp-block-button wc-block-grid__product-add-to-cart\"><a href=\"https:\/\/roboriseit.com\/cs\/product\/now-i-know-city-vol-4-preschool-course-10698\/\" aria-label=\"Vyberte nastaven\u00ed pro &bdquo;Now I Know! City vol.4 preschool course (10698)&ldquo;\" data-quantity=\"1\" data-product_id=\"63651\" data-product_sku=\"\" data-price=\"6125\" rel=\"nofollow\" class=\"wp-block-button__link  add_to_cart_button\">V\u00fdb\u011br mo\u017enost\u00ed<\/a><\/div>\n\t\t\t<\/li><li class=\"wc-block-grid__product\">\n\t\t\t\t<a href=\"https:\/\/roboriseit.com\/cs\/product\/now-i-know-adventure-vol-5-preschool-course-10698\/\" class=\"wc-block-grid__product-link\">\n\t\t\t\t\t\n\t\t\t\t\t<div class=\"wc-block-grid__product-image\"><img loading=\"lazy\" decoding=\"async\" width=\"420\" height=\"420\" src=\"https:\/\/roboriseit.com\/wp-content\/uploads\/2023\/06\/Preschool_Vol.5_Pics_shop_540-420x420.png\" class=\"attachment-woocommerce_thumbnail size-woocommerce_thumbnail\" alt=\"Now I Know! Adventure vol.5 preschool course (10698)\" srcset=\"https:\/\/roboriseit.com\/wp-content\/uploads\/2023\/06\/Preschool_Vol.5_Pics_shop_540-420x420.png 420w, https:\/\/roboriseit.com\/wp-content\/uploads\/2023\/06\/Preschool_Vol.5_Pics_shop_540-300x300.png 300w, https:\/\/roboriseit.com\/wp-content\/uploads\/2023\/06\/Preschool_Vol.5_Pics_shop_540-150x150.png 150w, https:\/\/roboriseit.com\/wp-content\/uploads\/2023\/06\/Preschool_Vol.5_Pics_shop_540-230x230.png 230w, https:\/\/roboriseit.com\/wp-content\/uploads\/2023\/06\/Preschool_Vol.5_Pics_shop_540-350x350.png 350w, https:\/\/roboriseit.com\/wp-content\/uploads\/2023\/06\/Preschool_Vol.5_Pics_shop_540-480x480.png 480w, https:\/\/roboriseit.com\/wp-content\/uploads\/2023\/06\/Preschool_Vol.5_Pics_shop_540-24x24.png 24w, https:\/\/roboriseit.com\/wp-content\/uploads\/2023\/06\/Preschool_Vol.5_Pics_shop_540-36x36.png 36w, https:\/\/roboriseit.com\/wp-content\/uploads\/2023\/06\/Preschool_Vol.5_Pics_shop_540-48x48.png 48w, https:\/\/roboriseit.com\/wp-content\/uploads\/2023\/06\/Preschool_Vol.5_Pics_shop_540-100x100.png 100w, https:\/\/roboriseit.com\/wp-content\/uploads\/2023\/06\/Preschool_Vol.5_Pics_shop_540.png 540w\" sizes=\"auto, (max-width: 300px) 100px, (max-width: 600px) 200px, (max-width: 900px) 300px, (max-width: 1200px) 400px, (max-width: 1500px) 500px, (max-width: 1800px) 600px, (max-width: 2100px) 1124px, 1906px\" \/><\/div>\n\t\t\t\t\t<div class=\"wc-block-grid__product-title\">Now I Know! Adventure vol.5 preschool course (10698)<\/div>\n\t\t\t\t<\/a>\n\t\t\t\t<div class=\"wc-block-grid__product-price price\"><span class=\"woocommerce-Price-amount amount\" aria-hidden=\"true\">1.546.875&nbsp;<span class=\"woocommerce-Price-currencySymbol\">&#075;&#269;<\/span><\/span> <span aria-hidden=\"true\">&ndash;<\/span> <span class=\"woocommerce-Price-amount amount\" aria-hidden=\"true\">3.828.125&nbsp;<span class=\"woocommerce-Price-currencySymbol\">&#075;&#269;<\/span><\/span><span class=\"screen-reader-text\">Rozp\u011bt\u00ed cen: 1.546.875&nbsp;&#075;&#269; a\u017e 3.828.125&nbsp;&#075;&#269;<\/span><\/div>\n\t\t\t\t\n\t\t\t\t<div class=\"wp-block-button wc-block-grid__product-add-to-cart\"><a href=\"https:\/\/roboriseit.com\/cs\/product\/now-i-know-adventure-vol-5-preschool-course-10698\/\" aria-label=\"Vyberte nastaven\u00ed pro &bdquo;Now I Know! Adventure vol.5 preschool course (10698)&ldquo;\" data-quantity=\"1\" data-product_id=\"63860\" data-product_sku=\"\" data-price=\"2475\" rel=\"nofollow\" class=\"wp-block-button__link  add_to_cart_button\">V\u00fdb\u011br mo\u017enost\u00ed<\/a><\/div>\n\t\t\t<\/li><li class=\"wc-block-grid__product\">\n\t\t\t\t<a href=\"https:\/\/roboriseit.com\/cs\/product\/now-i-know-superworld-vol-6-preschool-course-10698\/\" class=\"wc-block-grid__product-link\">\n\t\t\t\t\t\n\t\t\t\t\t<div class=\"wc-block-grid__product-image\"><img loading=\"lazy\" decoding=\"async\" width=\"420\" height=\"420\" src=\"https:\/\/roboriseit.com\/wp-content\/uploads\/2023\/06\/Preschool_Vol.6_BOX_Curriculum_540-420x420.png\" class=\"attachment-woocommerce_thumbnail size-woocommerce_thumbnail\" alt=\"Now I Know! SuperWorld vol.6 preschool course (10698)\" srcset=\"https:\/\/roboriseit.com\/wp-content\/uploads\/2023\/06\/Preschool_Vol.6_BOX_Curriculum_540-420x420.png 420w, https:\/\/roboriseit.com\/wp-content\/uploads\/2023\/06\/Preschool_Vol.6_BOX_Curriculum_540-300x300.png 300w, https:\/\/roboriseit.com\/wp-content\/uploads\/2023\/06\/Preschool_Vol.6_BOX_Curriculum_540-150x150.png 150w, https:\/\/roboriseit.com\/wp-content\/uploads\/2023\/06\/Preschool_Vol.6_BOX_Curriculum_540-230x230.png 230w, https:\/\/roboriseit.com\/wp-content\/uploads\/2023\/06\/Preschool_Vol.6_BOX_Curriculum_540-350x350.png 350w, https:\/\/roboriseit.com\/wp-content\/uploads\/2023\/06\/Preschool_Vol.6_BOX_Curriculum_540-480x480.png 480w, https:\/\/roboriseit.com\/wp-content\/uploads\/2023\/06\/Preschool_Vol.6_BOX_Curriculum_540-24x24.png 24w, https:\/\/roboriseit.com\/wp-content\/uploads\/2023\/06\/Preschool_Vol.6_BOX_Curriculum_540-36x36.png 36w, https:\/\/roboriseit.com\/wp-content\/uploads\/2023\/06\/Preschool_Vol.6_BOX_Curriculum_540-48x48.png 48w, https:\/\/roboriseit.com\/wp-content\/uploads\/2023\/06\/Preschool_Vol.6_BOX_Curriculum_540-100x100.png 100w, https:\/\/roboriseit.com\/wp-content\/uploads\/2023\/06\/Preschool_Vol.6_BOX_Curriculum_540.png 540w\" sizes=\"auto, (max-width: 300px) 100px, (max-width: 600px) 200px, (max-width: 900px) 300px, (max-width: 1200px) 400px, (max-width: 1500px) 500px, (max-width: 1800px) 600px, (max-width: 2100px) 1124px, 1906px\" \/><\/div>\n\t\t\t\t\t<div class=\"wc-block-grid__product-title\">Now I Know! SuperWorld vol.6 preschool course (10698)<\/div>\n\t\t\t\t<\/a>\n\t\t\t\t<div class=\"wc-block-grid__product-price price\"><span class=\"woocommerce-Price-amount amount\" aria-hidden=\"true\">1.546.875&nbsp;<span class=\"woocommerce-Price-currencySymbol\">&#075;&#269;<\/span><\/span> <span aria-hidden=\"true\">&ndash;<\/span> <span class=\"woocommerce-Price-amount amount\" aria-hidden=\"true\">3.828.125&nbsp;<span class=\"woocommerce-Price-currencySymbol\">&#075;&#269;<\/span><\/span><span class=\"screen-reader-text\">Rozp\u011bt\u00ed cen: 1.546.875&nbsp;&#075;&#269; a\u017e 3.828.125&nbsp;&#075;&#269;<\/span><\/div>\n\t\t\t\t\n\t\t\t\t<div class=\"wp-block-button wc-block-grid__product-add-to-cart\"><a href=\"https:\/\/roboriseit.com\/cs\/product\/now-i-know-superworld-vol-6-preschool-course-10698\/\" aria-label=\"Vyberte nastaven\u00ed pro &bdquo;Now I Know! SuperWorld vol.6 preschool course (10698)&ldquo;\" data-quantity=\"1\" data-product_id=\"64054\" data-product_sku=\"\" data-price=\"2475\" rel=\"nofollow\" class=\"wp-block-button__link  add_to_cart_button\">V\u00fdb\u011br mo\u017enost\u00ed<\/a><\/div>\n\t\t\t<\/li><\/ul><\/div>\n\n<h2>Special Projects<\/h2>\n\n<div data-block-name=\"woocommerce\/product-category\" data-categories=\"[546]\" data-columns=\"4\" class=\"wc-block-grid wp-block-product-category wp-block-woocommerce-product-category wc-block-product-category has-4-columns has-multiple-rows\"><ul class=\"wc-block-grid__products\"><li class=\"wc-block-grid__product\">\n\t\t\t\t<a href=\"https:\/\/roboriseit.com\/cs\/product\/christmas-train-10698-special-project\/\" class=\"wc-block-grid__product-link\">\n\t\t\t\t\t\n\t\t\t\t\t<div class=\"wc-block-grid__product-image\"><img loading=\"lazy\" decoding=\"async\" width=\"420\" height=\"420\" src=\"https:\/\/roboriseit.com\/wp-content\/uploads\/2022\/12\/Train_Pics_shop_540_n-420x420.png\" class=\"attachment-woocommerce_thumbnail size-woocommerce_thumbnail\" alt=\"Christmas Train\" srcset=\"https:\/\/roboriseit.com\/wp-content\/uploads\/2022\/12\/Train_Pics_shop_540_n-420x420.png 420w, https:\/\/roboriseit.com\/wp-content\/uploads\/2022\/12\/Train_Pics_shop_540_n-300x300.png 300w, https:\/\/roboriseit.com\/wp-content\/uploads\/2022\/12\/Train_Pics_shop_540_n-150x150.png 150w, https:\/\/roboriseit.com\/wp-content\/uploads\/2022\/12\/Train_Pics_shop_540_n-230x230.png 230w, https:\/\/roboriseit.com\/wp-content\/uploads\/2022\/12\/Train_Pics_shop_540_n-350x350.png 350w, https:\/\/roboriseit.com\/wp-content\/uploads\/2022\/12\/Train_Pics_shop_540_n-480x480.png 480w, https:\/\/roboriseit.com\/wp-content\/uploads\/2022\/12\/Train_Pics_shop_540_n-24x24.png 24w, https:\/\/roboriseit.com\/wp-content\/uploads\/2022\/12\/Train_Pics_shop_540_n-36x36.png 36w, https:\/\/roboriseit.com\/wp-content\/uploads\/2022\/12\/Train_Pics_shop_540_n-48x48.png 48w, https:\/\/roboriseit.com\/wp-content\/uploads\/2022\/12\/Train_Pics_shop_540_n-100x100.png 100w, https:\/\/roboriseit.com\/wp-content\/uploads\/2022\/12\/Train_Pics_shop_540_n-60x60.png 60w, https:\/\/roboriseit.com\/wp-content\/uploads\/2022\/12\/Train_Pics_shop_540_n-90x90.png 90w, https:\/\/roboriseit.com\/wp-content\/uploads\/2022\/12\/Train_Pics_shop_540_n.png 540w\" sizes=\"auto, (max-width: 300px) 100px, (max-width: 600px) 200px, (max-width: 900px) 300px, (max-width: 1200px) 400px, (max-width: 1500px) 500px, (max-width: 1800px) 600px, (max-width: 2100px) 1124px, 1906px\" \/><\/div>\n\t\t\t\t\t<div class=\"wc-block-grid__product-title\">Christmas Train 10698 Special Project<\/div>\n\t\t\t\t<\/a>\n\t\t\t\t<div class=\"wc-block-grid__product-price price\"><span class=\"woocommerce-Price-amount amount\" aria-hidden=\"true\">249&nbsp;<span class=\"woocommerce-Price-currencySymbol\">&#075;&#269;<\/span><\/span> <span aria-hidden=\"true\">&ndash;<\/span> <span class=\"woocommerce-Price-amount amount\" aria-hidden=\"true\">1.225&nbsp;<span class=\"woocommerce-Price-currencySymbol\">&#075;&#269;<\/span><\/span><span class=\"screen-reader-text\">Rozp\u011bt\u00ed cen: 249&nbsp;&#075;&#269; a\u017e 1.225&nbsp;&#075;&#269;<\/span><\/div>\n\t\t\t\t\n\t\t\t\t<div class=\"wp-block-button wc-block-grid__product-add-to-cart\"><a href=\"https:\/\/roboriseit.com\/cs\/product\/christmas-train-10698-special-project\/\" aria-label=\"Vyberte nastaven\u00ed pro &bdquo;Christmas Train 10698 Special Project&ldquo;\" data-quantity=\"1\" data-product_id=\"60839\" data-product_sku=\"\" data-price=\"1225\" rel=\"nofollow\" class=\"wp-block-button__link  add_to_cart_button\">V\u00fdb\u011br mo\u017enost\u00ed<\/a><\/div>\n\t\t\t<\/li><li class=\"wc-block-grid__product\">\n\t\t\t\t<a href=\"https:\/\/roboriseit.com\/cs\/product\/christmas-tree-10698-special-project\/\" class=\"wc-block-grid__product-link\">\n\t\t\t\t\t\n\t\t\t\t\t<div class=\"wc-block-grid__product-image\"><img loading=\"lazy\" decoding=\"async\" width=\"420\" height=\"420\" src=\"https:\/\/roboriseit.com\/wp-content\/uploads\/2022\/12\/Tree_Pics_shop_540_n-420x420.png\" class=\"attachment-woocommerce_thumbnail size-woocommerce_thumbnail\" alt=\"Christmas Tree\" srcset=\"https:\/\/roboriseit.com\/wp-content\/uploads\/2022\/12\/Tree_Pics_shop_540_n-420x420.png 420w, https:\/\/roboriseit.com\/wp-content\/uploads\/2022\/12\/Tree_Pics_shop_540_n-300x300.png 300w, https:\/\/roboriseit.com\/wp-content\/uploads\/2022\/12\/Tree_Pics_shop_540_n-150x150.png 150w, https:\/\/roboriseit.com\/wp-content\/uploads\/2022\/12\/Tree_Pics_shop_540_n-230x230.png 230w, https:\/\/roboriseit.com\/wp-content\/uploads\/2022\/12\/Tree_Pics_shop_540_n-350x350.png 350w, https:\/\/roboriseit.com\/wp-content\/uploads\/2022\/12\/Tree_Pics_shop_540_n-480x480.png 480w, https:\/\/roboriseit.com\/wp-content\/uploads\/2022\/12\/Tree_Pics_shop_540_n-24x24.png 24w, https:\/\/roboriseit.com\/wp-content\/uploads\/2022\/12\/Tree_Pics_shop_540_n-36x36.png 36w, https:\/\/roboriseit.com\/wp-content\/uploads\/2022\/12\/Tree_Pics_shop_540_n-48x48.png 48w, https:\/\/roboriseit.com\/wp-content\/uploads\/2022\/12\/Tree_Pics_shop_540_n-100x100.png 100w, https:\/\/roboriseit.com\/wp-content\/uploads\/2022\/12\/Tree_Pics_shop_540_n-60x60.png 60w, https:\/\/roboriseit.com\/wp-content\/uploads\/2022\/12\/Tree_Pics_shop_540_n-90x90.png 90w, https:\/\/roboriseit.com\/wp-content\/uploads\/2022\/12\/Tree_Pics_shop_540_n.png 540w\" sizes=\"auto, (max-width: 300px) 100px, (max-width: 600px) 200px, (max-width: 900px) 300px, (max-width: 1200px) 400px, (max-width: 1500px) 500px, (max-width: 1800px) 600px, (max-width: 2100px) 1124px, 1906px\" \/><\/div>\n\t\t\t\t\t<div class=\"wc-block-grid__product-title\">Christmas Tree 10698 Special Project<\/div>\n\t\t\t\t<\/a>\n\t\t\t\t<div class=\"wc-block-grid__product-price price\"><span class=\"woocommerce-Price-amount amount\">0&nbsp;<span class=\"woocommerce-Price-currencySymbol\">&#075;&#269;<\/span><\/span><\/div>\n\t\t\t\t\n\t\t\t\t<div class=\"wp-block-button wc-block-grid__product-add-to-cart\"><a href=\"https:\/\/roboriseit.com\/cs\/product\/christmas-tree-10698-special-project\/\" aria-label=\"Vyberte nastaven\u00ed pro &bdquo;Christmas Tree 10698 Special Project&ldquo;\" data-quantity=\"1\" data-product_id=\"60894\" data-product_sku=\"\" data-price=\"0\" rel=\"nofollow\" class=\"wp-block-button__link  add_to_cart_button\">V\u00fdb\u011br mo\u017enost\u00ed<\/a><\/div>\n\t\t\t<\/li><\/ul><\/div>","protected":false},"excerpt":{"rendered":"<p>Courses Special Projects<\/p>\n","protected":false},"author":1,"featured_media":0,"parent":0,"menu_order":0,"comment_status":"closed","ping_status":"closed","template":"page-templates\/page_front-page.php","meta":{"footnotes":""},"class_list":["post-61844","page","type-page","status-publish","hentry"],"aioseo_notices":[],"_links":{"self":[{"href":"https:\/\/roboriseit.com\/cs\/wp-json\/wp\/v2\/pages\/61844","targetHints":{"allow":["GET"]}}],"collection":[{"href":"https:\/\/roboriseit.com\/cs\/wp-json\/wp\/v2\/pages"}],"about":[{"href":"https:\/\/roboriseit.com\/cs\/wp-json\/wp\/v2\/types\/page"}],"author":[{"embeddable":true,"href":"https:\/\/roboriseit.com\/cs\/wp-json\/wp\/v2\/users\/1"}],"replies":[{"embeddable":true,"href":"https:\/\/roboriseit.com\/cs\/wp-json\/wp\/v2\/comments?post=61844"}],"version-history":[{"count":1,"href":"https:\/\/roboriseit.com\/cs\/wp-json\/wp\/v2\/pages\/61844\/revisions"}],"predecessor-version":[{"id":61846,"href":"https:\/\/roboriseit.com\/cs\/wp-json\/wp\/v2\/pages\/61844\/revisions\/61846"}],"wp:attachment":[{"href":"https:\/\/roboriseit.com\/cs\/wp-json\/wp\/v2\/media?parent=61844"}],"curies":[{"name":"wp","href":"https:\/\/api.w.org\/{rel}","templated":true}]}}