{"id":2107,"date":"2018-10-08T12:03:50","date_gmt":"2018-10-08T09:03:50","guid":{"rendered":"https:\/\/roboriseit.com\/?page_id=2107"},"modified":"2019-10-08T19:04:23","modified_gmt":"2019-10-08T16:04:23","slug":"hispanidad-discount-week","status":"publish","type":"page","link":"https:\/\/roboriseit.com\/en\/hispanidad-discount-week\/","title":{"rendered":"Hispanidad discount week"},"content":{"rendered":"<div id=\"pl-2107\"  class=\"panel-layout\" ><div id=\"pg-2107-0\"  class=\"panel-grid panel-has-style\" ><div style=\"padding: 100px 0; \" data-overlay=\"true\" data-overlay-color=\"#000000\" class=\"panel-row-style panel-row-style-for-2107-0\" ><div id=\"pgc-2107-0-0\"  class=\"panel-grid-cell\" ><div id=\"panel-2107-0-0-0\" class=\"so-panel widget widget_list panel-first-child\" data-index=\"0\" ><div style=\"text-align: left;\" data-title-color=\"#443f3f\" data-headings-color=\"#443f3f\" class=\"panel-widget-style panel-widget-style-for-2107-0-0-0\" ><h3 class=\"widget-title\">Hispanidad week in Roborise-it!<\/h3>\n\t\t\t\t\t\t\t\t\n\t\t<\/div><\/div><div id=\"panel-2107-0-0-1\" class=\"so-panel widget widget_sow-image\" data-index=\"1\" ><div style=\"text-align: left;\" data-title-color=\"#443f3f\" data-headings-color=\"#443f3f\" class=\"panel-widget-style panel-widget-style-for-2107-0-0-1\" ><div\n\t\t\t\n\t\t\tclass=\"so-widget-sow-image so-widget-sow-image-default-8b5b6f678277-2107\"\n\t\t\t\n\t\t>\n<div class=\"sow-image-container\">\n\t\t<img \n\tsrc=\"https:\/\/roboriseit.com\/wp-content\/uploads\/2018\/10\/for-site-01-01.png\" width=\"1200\" height=\"330\" srcset=\"https:\/\/roboriseit.com\/wp-content\/uploads\/2018\/10\/for-site-01-01.png 1200w, https:\/\/roboriseit.com\/wp-content\/uploads\/2018\/10\/for-site-01-01-800x220.png 800w, https:\/\/roboriseit.com\/wp-content\/uploads\/2018\/10\/for-site-01-01-300x83.png 300w, https:\/\/roboriseit.com\/wp-content\/uploads\/2018\/10\/for-site-01-01-768x211.png 768w, https:\/\/roboriseit.com\/wp-content\/uploads\/2018\/10\/for-site-01-01-1024x282.png 1024w, https:\/\/roboriseit.com\/wp-content\/uploads\/2018\/10\/for-site-01-01-830x228.png 830w, https:\/\/roboriseit.com\/wp-content\/uploads\/2018\/10\/for-site-01-01-230x63.png 230w, https:\/\/roboriseit.com\/wp-content\/uploads\/2018\/10\/for-site-01-01-350x96.png 350w, https:\/\/roboriseit.com\/wp-content\/uploads\/2018\/10\/for-site-01-01-480x132.png 480w, https:\/\/roboriseit.com\/wp-content\/uploads\/2018\/10\/for-site-01-01-24x7.png 24w, https:\/\/roboriseit.com\/wp-content\/uploads\/2018\/10\/for-site-01-01-36x10.png 36w, https:\/\/roboriseit.com\/wp-content\/uploads\/2018\/10\/for-site-01-01-48x13.png 48w\" sizes=\"(max-width: 300px) 100px, (max-width: 600px) 200px, (max-width: 900px) 300px, (max-width: 1200px) 400px, (max-width: 1500px) 500px, (max-width: 1800px) 600px, (max-width: 2100px) 1124px, 1906px\" title=\"for site-01-01\" alt=\"\" \t\tclass=\"so-widget-image\"\/>\n\t<\/div>\n\n<\/div><\/div><\/div><div id=\"panel-2107-0-0-2\" class=\"so-panel widget widget_list panel-last-child\" data-index=\"2\" ><div style=\"text-align: left;\" data-title-color=\"#443f3f\" data-headings-color=\"#443f3f\" data-title_alignment=\"center\" class=\"panel-widget-style panel-widget-style-for-2107-0-0-2\" >\n\t\t<p>En Espa\u00f1a, la Fiesta Nacional \"D\u00eda de la Hispanidad\" tendr\u00e1 lugar el 12 de Octubre.<br \/>\nEl equipo de Roborise-it se une a esta celebraci\u00f3n y felicita a los hispanos en su Fiesta Nacional.<br \/>\nEn honor a esta fiesta, ofrecemos a nuestros clientes de habla hispana adquirir los cursos WeDo 2.0 Early Robotics, Dino Park y City Bots con un 20% de descuento.<\/p>\n\t\t\t\t\t\t\n\t\t<\/div><\/div><\/div><\/div><\/div><div id=\"pg-2107-1\"  class=\"panel-grid panel-has-style\" ><div class=\"siteorigin-panels-stretch panel-row-style panel-row-style-for-2107-1\" style=\"padding: 0px 0; \" data-stretch-type=\"full\" data-overlay=\"true\" data-overlay-color=\"#000000\" ><div id=\"pgc-2107-1-0\"  class=\"panel-grid-cell\" ><div id=\"panel-2107-1-0-0\" class=\"so-panel widget widget_text panel-first-child panel-last-child\" data-index=\"3\" ><div style=\"text-align: left;\" data-title-color=\"#443f3f\" data-headings-color=\"#443f3f\" data-title_alignment=\"center\" class=\"panel-widget-style panel-widget-style-for-2107-1-0-0\" >\t\t\t<div class=\"textwidget\"><p><a name=\"hispanidad\"><\/a><\/p>\n<\/div>\n\t\t<\/div><\/div><\/div><\/div><\/div><div id=\"pg-2107-2\"  class=\"panel-grid panel-has-style\" ><div class=\"siteorigin-panels-stretch panel-row-style panel-row-style-for-2107-2\" style=\"padding: 0px 0; \" data-stretch-type=\"full\" data-overlay=\"true\" data-overlay-color=\"#000000\" ><div id=\"pgc-2107-2-0\"  class=\"panel-grid-cell\" ><div id=\"panel-2107-2-0-0\" class=\"so-panel widget widget_sow-image panel-first-child\" data-index=\"4\" ><div style=\"text-align: left;\" data-title-color=\"#443f3f\" data-headings-color=\"#443f3f\" class=\"panel-widget-style panel-widget-style-for-2107-2-0-0\" ><div\n\t\t\t\n\t\t\tclass=\"so-widget-sow-image so-widget-sow-image-default-8b5b6f678277-2107\"\n\t\t\t\n\t\t>\n<div class=\"sow-image-container\">\n\t\t<img \n\tsrc=\"https:\/\/roboriseit.com\/wp-content\/uploads\/2018\/05\/ER_OS_540.png\" width=\"540\" height=\"540\" srcset=\"https:\/\/roboriseit.com\/wp-content\/uploads\/2018\/05\/ER_OS_540.png 540w, https:\/\/roboriseit.com\/wp-content\/uploads\/2018\/05\/ER_OS_540-420x420.png 420w, https:\/\/roboriseit.com\/wp-content\/uploads\/2018\/05\/ER_OS_540-100x100.png 100w, https:\/\/roboriseit.com\/wp-content\/uploads\/2018\/05\/ER_OS_540-150x150.png 150w, https:\/\/roboriseit.com\/wp-content\/uploads\/2018\/05\/ER_OS_540-300x300.png 300w, https:\/\/roboriseit.com\/wp-content\/uploads\/2018\/05\/ER_OS_540-230x230.png 230w, https:\/\/roboriseit.com\/wp-content\/uploads\/2018\/05\/ER_OS_540-350x350.png 350w, https:\/\/roboriseit.com\/wp-content\/uploads\/2018\/05\/ER_OS_540-480x480.png 480w\" sizes=\"(max-width: 300px) 100px, (max-width: 600px) 200px, (max-width: 900px) 300px, (max-width: 1200px) 400px, (max-width: 1500px) 500px, (max-width: 1800px) 600px, (max-width: 2100px) 1124px, 1906px\" alt=\"Wedo 2.0 curriculum\" \t\tclass=\"so-widget-image\"\/>\n\t<\/div>\n\n<\/div><\/div><\/div><div id=\"panel-2107-2-0-1\" class=\"so-panel widget widget_sow-image\" data-index=\"5\" ><div style=\"text-align: left;\" data-title-color=\"#443f3f\" data-headings-color=\"#443f3f\" data-title_alignment=\"center\" class=\"panel-widget-style panel-widget-style-for-2107-2-0-1\" ><div\n\t\t\t\n\t\t\tclass=\"so-widget-sow-image so-widget-sow-image-default-8b5b6f678277-2107\"\n\t\t\t\n\t\t>\n<div class=\"sow-image-container\">\n\t\t\t<a href=\"\/product\/early-robotics-curriculum\/?attribute_pa_course-plan=optimal&#038;attribute_pa_course-languages=spanish\"\n\t\t\t\t\t>\n\t\t\t<img \n\tsrc=\"https:\/\/roboriseit.com\/wp-content\/uploads\/2018\/10\/sticker-01.png\" width=\"1080\" height=\"1312\" srcset=\"https:\/\/roboriseit.com\/wp-content\/uploads\/2018\/10\/sticker-01.png 1080w, https:\/\/roboriseit.com\/wp-content\/uploads\/2018\/10\/sticker-01-800x972.png 800w, https:\/\/roboriseit.com\/wp-content\/uploads\/2018\/10\/sticker-01-247x300.png 247w, https:\/\/roboriseit.com\/wp-content\/uploads\/2018\/10\/sticker-01-768x933.png 768w, https:\/\/roboriseit.com\/wp-content\/uploads\/2018\/10\/sticker-01-843x1024.png 843w, https:\/\/roboriseit.com\/wp-content\/uploads\/2018\/10\/sticker-01-830x1008.png 830w, https:\/\/roboriseit.com\/wp-content\/uploads\/2018\/10\/sticker-01-230x279.png 230w, https:\/\/roboriseit.com\/wp-content\/uploads\/2018\/10\/sticker-01-350x425.png 350w, https:\/\/roboriseit.com\/wp-content\/uploads\/2018\/10\/sticker-01-480x583.png 480w, https:\/\/roboriseit.com\/wp-content\/uploads\/2018\/10\/sticker-01-20x24.png 20w, https:\/\/roboriseit.com\/wp-content\/uploads\/2018\/10\/sticker-01-30x36.png 30w, https:\/\/roboriseit.com\/wp-content\/uploads\/2018\/10\/sticker-01-40x48.png 40w\" sizes=\"(max-width: 300px) 100px, (max-width: 600px) 200px, (max-width: 900px) 300px, (max-width: 1200px) 400px, (max-width: 1500px) 500px, (max-width: 1800px) 600px, (max-width: 2100px) 1124px, 1906px\" alt=\"\" \t\tclass=\"so-widget-image\"\/>\n\t\t\t<\/a><\/div>\n\n<\/div><\/div><\/div><div id=\"panel-2107-2-0-2\" class=\"so-panel widget widget_list\" data-index=\"6\" ><div style=\"text-align: left;\" data-title-color=\"#443f3f\" data-headings-color=\"#443f3f\" class=\"panel-widget-style panel-widget-style-for-2107-2-0-2\" ><h3 class=\"widget-title\">Early Robotics<\/h3>\n\t\t<p>Early Robotics curriculum focuses on the technologies that modern children face. Robotic mechanisms are increasingly becoming part of our lives. Therefore, we strive to talk about them as much as possible with our little students. Robots, smart houses, internet of things, robotised factories and usual things with automatic smart functions, all of this is our world that we introduces to children.<\/p>\n\t\t\t\t\t\t\n\t\t<\/div><\/div><div id=\"panel-2107-2-0-3\" class=\"so-panel widget widget_sow-button panel-last-child\" data-index=\"7\" ><div style=\"text-align: right;\" data-title-color=\"#443f3f\" data-headings-color=\"#443f3f\" data-title_alignment=\"center\" class=\"panel-widget-style panel-widget-style-for-2107-2-0-3\" ><div\n\t\t\t\n\t\t\tclass=\"so-widget-sow-button so-widget-sow-button-atom-cf3794441014-2107\"\n\t\t\t\n\t\t><div class=\"ow-button-base ow-button-align-right\"\n>\n\t\t\t<a\n\t\t\t\t\thref=\"\/product\/early-robotics-curriculum\/?attribute_pa_course-plan=optimal&#038;attribute_pa_course-languages=spanish\"\n\t\t\t\t\tclass=\"sowb-button ow-icon-placement-right ow-button-hover\" \t>\n\t\t<span>\n\t\t\t\n\t\t\tRead more\t\t<\/span>\n\t\t\t<\/a>\n\t<\/div>\n<\/div><\/div><\/div><\/div><div id=\"pgc-2107-2-1\"  class=\"panel-grid-cell\" ><div id=\"panel-2107-2-1-0\" class=\"so-panel widget widget_sow-image panel-first-child\" data-index=\"8\" ><div style=\"text-align: left;\" data-title-color=\"#443f3f\" data-headings-color=\"#443f3f\" class=\"panel-widget-style panel-widget-style-for-2107-2-1-0\" ><div\n\t\t\t\n\t\t\tclass=\"so-widget-sow-image so-widget-sow-image-default-8b5b6f678277-2107\"\n\t\t\t\n\t\t>\n<div class=\"sow-image-container\">\n\t\t<img \n\tsrc=\"https:\/\/roboriseit.com\/wp-content\/uploads\/2018\/05\/DP_OS_540.png\" width=\"540\" height=\"540\" srcset=\"https:\/\/roboriseit.com\/wp-content\/uploads\/2018\/05\/DP_OS_540.png 540w, https:\/\/roboriseit.com\/wp-content\/uploads\/2018\/05\/DP_OS_540-420x420.png 420w, https:\/\/roboriseit.com\/wp-content\/uploads\/2018\/05\/DP_OS_540-100x100.png 100w, https:\/\/roboriseit.com\/wp-content\/uploads\/2018\/05\/DP_OS_540-150x150.png 150w, https:\/\/roboriseit.com\/wp-content\/uploads\/2018\/05\/DP_OS_540-300x300.png 300w, https:\/\/roboriseit.com\/wp-content\/uploads\/2018\/05\/DP_OS_540-230x230.png 230w, https:\/\/roboriseit.com\/wp-content\/uploads\/2018\/05\/DP_OS_540-350x350.png 350w, https:\/\/roboriseit.com\/wp-content\/uploads\/2018\/05\/DP_OS_540-480x480.png 480w\" sizes=\"(max-width: 300px) 100px, (max-width: 600px) 200px, (max-width: 900px) 300px, (max-width: 1200px) 400px, (max-width: 1500px) 500px, (max-width: 1800px) 600px, (max-width: 2100px) 1124px, 1906px\" alt=\"Dino Park WeDo 2.0 curriculum\" \t\tclass=\"so-widget-image\"\/>\n\t<\/div>\n\n<\/div><\/div><\/div><div id=\"panel-2107-2-1-1\" class=\"so-panel widget widget_sow-image\" data-index=\"9\" ><div style=\"text-align: left;\" data-title-color=\"#443f3f\" data-headings-color=\"#443f3f\" data-title_alignment=\"center\" class=\"panel-widget-style panel-widget-style-for-2107-2-1-1\" ><div\n\t\t\t\n\t\t\tclass=\"so-widget-sow-image so-widget-sow-image-default-8b5b6f678277-2107\"\n\t\t\t\n\t\t>\n<div class=\"sow-image-container\">\n\t\t\t<a href=\"\/product\/dino-park-wedo-2-0-curriculum\/?attribute_pa_course-plan=optimal&#038;attribute_pa_course-languages=spanish\"\n\t\t\t\t\t>\n\t\t\t<img \n\tsrc=\"https:\/\/roboriseit.com\/wp-content\/uploads\/2018\/10\/sticker-01.png\" width=\"1080\" height=\"1312\" srcset=\"https:\/\/roboriseit.com\/wp-content\/uploads\/2018\/10\/sticker-01.png 1080w, https:\/\/roboriseit.com\/wp-content\/uploads\/2018\/10\/sticker-01-800x972.png 800w, https:\/\/roboriseit.com\/wp-content\/uploads\/2018\/10\/sticker-01-247x300.png 247w, https:\/\/roboriseit.com\/wp-content\/uploads\/2018\/10\/sticker-01-768x933.png 768w, https:\/\/roboriseit.com\/wp-content\/uploads\/2018\/10\/sticker-01-843x1024.png 843w, https:\/\/roboriseit.com\/wp-content\/uploads\/2018\/10\/sticker-01-830x1008.png 830w, https:\/\/roboriseit.com\/wp-content\/uploads\/2018\/10\/sticker-01-230x279.png 230w, https:\/\/roboriseit.com\/wp-content\/uploads\/2018\/10\/sticker-01-350x425.png 350w, https:\/\/roboriseit.com\/wp-content\/uploads\/2018\/10\/sticker-01-480x583.png 480w, https:\/\/roboriseit.com\/wp-content\/uploads\/2018\/10\/sticker-01-20x24.png 20w, https:\/\/roboriseit.com\/wp-content\/uploads\/2018\/10\/sticker-01-30x36.png 30w, https:\/\/roboriseit.com\/wp-content\/uploads\/2018\/10\/sticker-01-40x48.png 40w\" sizes=\"(max-width: 300px) 100px, (max-width: 600px) 200px, (max-width: 900px) 300px, (max-width: 1200px) 400px, (max-width: 1500px) 500px, (max-width: 1800px) 600px, (max-width: 2100px) 1124px, 1906px\" alt=\"\" \t\tclass=\"so-widget-image\"\/>\n\t\t\t<\/a><\/div>\n\n<\/div><\/div><\/div><div id=\"panel-2107-2-1-2\" class=\"so-panel widget widget_list\" data-index=\"10\" ><div style=\"text-align: left;\" data-title-color=\"#443f3f\" data-headings-color=\"#443f3f\" class=\"panel-widget-style panel-widget-style-for-2107-2-1-2\" ><h3 class=\"widget-title\">Dino Park <\/h3>\n\t\t<p>You will have a great opportunity to introduce children to the hardware and software secrets of creating biomorphic robots. During the course, children will learn how to build robots with walking mechanism, convert rotational motion into translational motion, increase force with levers, gear and belt drives, work with motion and tilt sensors. And, of course, they will be able to revive their robots using fascinating programs. Give your children an unforgettable journey into the prehistoric world of dinosaurs!<\/p>\n\t\t\t\t\t\t\n\t\t<\/div><\/div><div id=\"panel-2107-2-1-3\" class=\"so-panel widget widget_sow-button panel-last-child\" data-index=\"11\" ><div style=\"text-align: right;\" data-title-color=\"#443f3f\" data-headings-color=\"#443f3f\" data-title_alignment=\"center\" class=\"panel-widget-style panel-widget-style-for-2107-2-1-3\" ><div\n\t\t\t\n\t\t\tclass=\"so-widget-sow-button so-widget-sow-button-atom-cf3794441014-2107\"\n\t\t\t\n\t\t><div class=\"ow-button-base ow-button-align-right\"\n>\n\t\t\t<a\n\t\t\t\t\thref=\"\/product\/dino-park-wedo-2-0-curriculum\/?attribute_pa_course-plan=optimal&#038;attribute_pa_course-languages=spanish\"\n\t\t\t\t\tclass=\"sowb-button ow-icon-placement-right ow-button-hover\" \t>\n\t\t<span>\n\t\t\t\n\t\t\tRead more\t\t<\/span>\n\t\t\t<\/a>\n\t<\/div>\n<\/div><\/div><\/div><\/div><div id=\"pgc-2107-2-2\"  class=\"panel-grid-cell\" ><div id=\"panel-2107-2-2-0\" class=\"so-panel widget widget_sow-image panel-first-child\" data-index=\"12\" ><div style=\"text-align: left;\" data-title-color=\"#443f3f\" data-headings-color=\"#443f3f\" data-title_alignment=\"center\" class=\"panel-widget-style panel-widget-style-for-2107-2-2-0\" ><div\n\t\t\t\n\t\t\tclass=\"so-widget-sow-image so-widget-sow-image-default-8b5b6f678277-2107\"\n\t\t\t\n\t\t>\n<div class=\"sow-image-container\">\n\t\t<img \n\tsrc=\"https:\/\/roboriseit.com\/wp-content\/uploads\/2018\/10\/City_Bots_540_OS.png\" width=\"540\" height=\"540\" srcset=\"https:\/\/roboriseit.com\/wp-content\/uploads\/2018\/10\/City_Bots_540_OS.png 540w, https:\/\/roboriseit.com\/wp-content\/uploads\/2018\/10\/City_Bots_540_OS-420x420.png 420w, https:\/\/roboriseit.com\/wp-content\/uploads\/2018\/10\/City_Bots_540_OS-100x100.png 100w, https:\/\/roboriseit.com\/wp-content\/uploads\/2018\/10\/City_Bots_540_OS-150x150.png 150w, https:\/\/roboriseit.com\/wp-content\/uploads\/2018\/10\/City_Bots_540_OS-300x300.png 300w, https:\/\/roboriseit.com\/wp-content\/uploads\/2018\/10\/City_Bots_540_OS-230x230.png 230w, https:\/\/roboriseit.com\/wp-content\/uploads\/2018\/10\/City_Bots_540_OS-350x350.png 350w, https:\/\/roboriseit.com\/wp-content\/uploads\/2018\/10\/City_Bots_540_OS-480x480.png 480w, https:\/\/roboriseit.com\/wp-content\/uploads\/2018\/10\/City_Bots_540_OS-24x24.png 24w, https:\/\/roboriseit.com\/wp-content\/uploads\/2018\/10\/City_Bots_540_OS-36x36.png 36w, https:\/\/roboriseit.com\/wp-content\/uploads\/2018\/10\/City_Bots_540_OS-48x48.png 48w\" sizes=\"(max-width: 300px) 100px, (max-width: 600px) 200px, (max-width: 900px) 300px, (max-width: 1200px) 400px, (max-width: 1500px) 500px, (max-width: 1800px) 600px, (max-width: 2100px) 1124px, 1906px\" title=\"City Bots\" alt=\"Dino Park WeDo 2.0 curriculum\" \t\tclass=\"so-widget-image\"\/>\n\t<\/div>\n\n<\/div><\/div><\/div><div id=\"panel-2107-2-2-1\" class=\"so-panel widget widget_sow-image\" data-index=\"13\" ><div style=\"text-align: left;\" data-title-color=\"#443f3f\" data-headings-color=\"#443f3f\" data-title_alignment=\"center\" class=\"panel-widget-style panel-widget-style-for-2107-2-2-1\" ><div\n\t\t\t\n\t\t\tclass=\"so-widget-sow-image so-widget-sow-image-default-8b5b6f678277-2107\"\n\t\t\t\n\t\t>\n<div class=\"sow-image-container\">\n\t\t\t<a href=\"\/product\/city-bots-wedo-2-0-curriculum\/?attribute_pa_course-plan=optimal&#038;attribute_pa_course-languages=spanish\"\n\t\t\t\t\t>\n\t\t\t<img \n\tsrc=\"https:\/\/roboriseit.com\/wp-content\/uploads\/2018\/10\/sticker-01.png\" width=\"1080\" height=\"1312\" srcset=\"https:\/\/roboriseit.com\/wp-content\/uploads\/2018\/10\/sticker-01.png 1080w, https:\/\/roboriseit.com\/wp-content\/uploads\/2018\/10\/sticker-01-800x972.png 800w, https:\/\/roboriseit.com\/wp-content\/uploads\/2018\/10\/sticker-01-247x300.png 247w, https:\/\/roboriseit.com\/wp-content\/uploads\/2018\/10\/sticker-01-768x933.png 768w, https:\/\/roboriseit.com\/wp-content\/uploads\/2018\/10\/sticker-01-843x1024.png 843w, https:\/\/roboriseit.com\/wp-content\/uploads\/2018\/10\/sticker-01-830x1008.png 830w, https:\/\/roboriseit.com\/wp-content\/uploads\/2018\/10\/sticker-01-230x279.png 230w, https:\/\/roboriseit.com\/wp-content\/uploads\/2018\/10\/sticker-01-350x425.png 350w, https:\/\/roboriseit.com\/wp-content\/uploads\/2018\/10\/sticker-01-480x583.png 480w, https:\/\/roboriseit.com\/wp-content\/uploads\/2018\/10\/sticker-01-20x24.png 20w, https:\/\/roboriseit.com\/wp-content\/uploads\/2018\/10\/sticker-01-30x36.png 30w, https:\/\/roboriseit.com\/wp-content\/uploads\/2018\/10\/sticker-01-40x48.png 40w\" sizes=\"(max-width: 300px) 100px, (max-width: 600px) 200px, (max-width: 900px) 300px, (max-width: 1200px) 400px, (max-width: 1500px) 500px, (max-width: 1800px) 600px, (max-width: 2100px) 1124px, 1906px\" alt=\"\" \t\tclass=\"so-widget-image\"\/>\n\t\t\t<\/a><\/div>\n\n<\/div><\/div><\/div><div id=\"panel-2107-2-2-2\" class=\"so-panel widget widget_list\" data-index=\"14\" ><div style=\"text-align: left;\" data-title-color=\"#443f3f\" data-headings-color=\"#443f3f\" data-title_alignment=\"center\" class=\"panel-widget-style panel-widget-style-for-2107-2-2-2\" ><h3 class=\"widget-title\">City Bots<\/h3>\n\t\t<p>Mankind development leads to the growth of cities. It is a very complex and important task to provide life in the city.<br \/>\nThe main challenges are ecology, life safety, modern building, agriculture and effective using of natural resources. Students will find out how to solve these problems in the STEM way using modern technologies, robotics and programming.<br \/>\nIn the CityBots course, you will create the robots that help to make cities more comfortable, cleaner and safer.<br \/>\nYou will pass the breathtaking path of creating the nearest future of urban civilization. \u0410nd your children will build this future!<\/p>\n\t\t\t\t\t\t\n\t\t<\/div><\/div><div id=\"panel-2107-2-2-3\" class=\"so-panel widget widget_sow-button panel-last-child\" data-index=\"15\" ><div style=\"text-align: right;\" data-title-color=\"#443f3f\" data-headings-color=\"#443f3f\" data-title_alignment=\"center\" class=\"panel-widget-style panel-widget-style-for-2107-2-2-3\" ><div\n\t\t\t\n\t\t\tclass=\"so-widget-sow-button so-widget-sow-button-atom-cf3794441014-2107\"\n\t\t\t\n\t\t><div class=\"ow-button-base ow-button-align-right\"\n>\n\t\t\t<a\n\t\t\t\t\thref=\"\/product\/city-bots-wedo-2-0-curriculum\/?attribute_pa_course-plan=optimal&#038;attribute_pa_course-languages=spanish\"\n\t\t\t\t\tclass=\"sowb-button ow-icon-placement-right ow-button-hover\" \t>\n\t\t<span>\n\t\t\t\n\t\t\tRead more\t\t<\/span>\n\t\t\t<\/a>\n\t<\/div>\n<\/div><\/div><\/div><\/div><\/div><\/div><div id=\"pg-2107-3\"  class=\"panel-grid panel-has-style\" ><div class=\"siteorigin-panels-stretch panel-row-style panel-row-style-for-2107-3\" style=\"border-bottom: 1px solid #dd3333;padding: 100px 0; \" data-stretch-type=\"full\" data-overlay=\"true\" data-overlay-color=\"#000000\" ><div id=\"pgc-2107-3-0\"  class=\"panel-grid-cell\" ><div id=\"panel-2107-3-0-0\" class=\"so-panel widget widget_list panel-first-child panel-last-child\" data-index=\"16\" ><div style=\"text-align: left;\" data-title-color=\"#443f3f\" data-headings-color=\"#443f3f\" class=\"panel-widget-style panel-widget-style-for-2107-3-0-0\" >\n\t\t<p>*The promotion will continue throughout the week<br \/>\n**A discount of -20% is valid on the plans Optimal and Educational center. <\/p>\n\t\t\t\t\t\t\n\t\t<\/div><\/div><\/div><\/div><\/div><div id=\"pg-2107-4\"  class=\"panel-grid panel-has-style\" ><div class=\"siteorigin-panels-stretch panel-row-style panel-row-style-for-2107-4\" style=\"border-bottom: 1px solid #dd3333;padding: 100px 0; \" data-stretch-type=\"full\" data-overlay=\"true\" data-overlay-color=\"#000000\" ><div id=\"pgc-2107-4-0\"  class=\"panel-grid-cell\" ><div id=\"panel-2107-4-0-0\" class=\"so-panel widget widget_sow-features panel-first-child panel-last-child\" data-index=\"17\" ><div style=\"text-align: left;\" data-title-color=\"#443f3f\" data-headings-color=\"#443f3f\" class=\"panel-widget-style panel-widget-style-for-2107-4-0-0\" ><div\n\t\t\t\n\t\t\tclass=\"so-widget-sow-features so-widget-sow-features-default-e643e020fad4-2107\"\n\t\t\t\n\t\t><ul\n\tclass=\"sow-features-list\n\tsow-features-responsive\">\n\n\t\t\t<li\n\t\t\tclass=\"sow-features-feature sow-icon-container-position-top\"\n\t\t\tstyle=\"display: flex; flex-direction: column; width: calc(100% - 25px);\"\n\t\t>\n\t\t\t\n\t\t\t\t\t\t<div\t\t\t\tclass=\"sow-icon-container sow-container-round\"\n\t\t\t\tstyle=\"color: #cccccc; \"\n\t\t\t\t\n\t\t\t\t\t\t\t>\n\t\t\t\t<span class=\"sow-icon-fontawesome sow-fas\" data-sow-icon=\"&#xf21b;\"\n\t\tstyle=\"font-size: 60px; color: #ffffff\" \n\t\taria-hidden=\"true\"><\/span>\t\t\t<\/div>\n\n\t\t\t<div class=\"textwidget\">\n\t\t\t\t\n\t\t\t\t\n\t\t\t\t\t\t\t<\/div>\n\t\t\t\t\t\t\t\t<\/li>\n\n\t<\/ul>\n<\/div><\/div><\/div><\/div><div id=\"pgc-2107-4-1\"  class=\"panel-grid-cell\" ><div id=\"panel-2107-4-1-0\" class=\"so-panel widget widget_list panel-first-child panel-last-child\" data-index=\"18\" ><div style=\"text-align: left;\" data-title-color=\"#443f3f\" data-headings-color=\"#443f3f\" class=\"panel-widget-style panel-widget-style-for-2107-4-1-0\" ><h3 class=\"widget-title\">In the act of buying, you accept the following terms<\/h3>\n\t\t\t\t<ul class='roll-list'><li>You cannot share, resell or redistribute the material in any way with third parties<\/li><li>You cannot use the material for other uses than the one allowed  by your license<\/li><li>The material comes encrypted and protected, and cannot be extracted or transformed<\/li><\/ul>\n\nANY INFRINGEMENT TO THE ABOVE TERMS IS CONSIDERED A PUNISHABLE CRIMINAL OFFENCE\t\t\t\t\n\t\t<\/div><\/div><\/div><\/div><\/div><\/div>","protected":false},"excerpt":{"rendered":"<p>Hispanidad week in Roborise-it! En Espa\u00f1a, la Fiesta Nacional &#8220;D\u00eda de la Hispanidad&#8221; tendr\u00e1 lugar el 12 de Octubre. El equipo de [&hellip;]<\/p>\n","protected":false},"author":9,"featured_media":2108,"parent":0,"menu_order":0,"comment_status":"closed","ping_status":"closed","template":"page-templates\/page_front-page.php","meta":{"footnotes":""},"class_list":["post-2107","page","type-page","status-publish","has-post-thumbnail","hentry"],"aioseo_notices":[],"_links":{"self":[{"href":"https:\/\/roboriseit.com\/en\/wp-json\/wp\/v2\/pages\/2107","targetHints":{"allow":["GET"]}}],"collection":[{"href":"https:\/\/roboriseit.com\/en\/wp-json\/wp\/v2\/pages"}],"about":[{"href":"https:\/\/roboriseit.com\/en\/wp-json\/wp\/v2\/types\/page"}],"author":[{"embeddable":true,"href":"https:\/\/roboriseit.com\/en\/wp-json\/wp\/v2\/users\/9"}],"replies":[{"embeddable":true,"href":"https:\/\/roboriseit.com\/en\/wp-json\/wp\/v2\/comments?post=2107"}],"version-history":[{"count":56,"href":"https:\/\/roboriseit.com\/en\/wp-json\/wp\/v2\/pages\/2107\/revisions"}],"predecessor-version":[{"id":19060,"href":"https:\/\/roboriseit.com\/en\/wp-json\/wp\/v2\/pages\/2107\/revisions\/19060"}],"wp:featuredmedia":[{"embeddable":true,"href":"https:\/\/roboriseit.com\/en\/wp-json\/wp\/v2\/media\/2108"}],"wp:attachment":[{"href":"https:\/\/roboriseit.com\/en\/wp-json\/wp\/v2\/media?parent=2107"}],"curies":[{"name":"wp","href":"https:\/\/api.w.org\/{rel}","templated":true}]}}