{"id":60196,"date":"2022-07-14T17:12:33","date_gmt":"2022-07-14T14:12:33","guid":{"rendered":"https:\/\/roboriseit.com\/spike-essential-curriculums\/"},"modified":"2025-04-23T19:25:15","modified_gmt":"2025-04-23T16:25:15","slug":"spike-essential-curriculums","status":"publish","type":"page","link":"https:\/\/roboriseit.com\/tr\/spike-essential-curriculums\/","title":{"rendered":"SPIKE Essential"},"content":{"rendered":"<h2>Kurslar<\/h2>\n\n<div data-block-name=\"woocommerce\/product-category\" data-categories=\"[590]\" data-columns=\"4\" data-orderby=\"menu_order\" class=\"wc-block-grid wp-block-product-category wp-block-woocommerce-product-category wc-block-product-category has-4-columns has-multiple-rows\"><ul class=\"wc-block-grid__products\"><li class=\"wc-block-grid__product\">\n\t\t\t\t<a href=\"https:\/\/roboriseit.com\/en\/urun\/eco-team-spike-essential-curriculum\/\" class=\"wc-block-grid__product-link\">\n\t\t\t\t\t\n\t\t\t\t\t<div class=\"wc-block-grid__product-image\"><img loading=\"lazy\" decoding=\"async\" width=\"420\" height=\"420\" src=\"https:\/\/roboriseit.com\/wp-content\/uploads\/2024\/01\/SPIKE_Essential_1_540-420x420.png\" class=\"attachment-woocommerce_thumbnail size-woocommerce_thumbnail\" alt=\"SPIKE Essential Eco Team\" srcset=\"https:\/\/roboriseit.com\/wp-content\/uploads\/2024\/01\/SPIKE_Essential_1_540-420x420.png 420w, https:\/\/roboriseit.com\/wp-content\/uploads\/2024\/01\/SPIKE_Essential_1_540-300x300.png 300w, https:\/\/roboriseit.com\/wp-content\/uploads\/2024\/01\/SPIKE_Essential_1_540-150x150.png 150w, https:\/\/roboriseit.com\/wp-content\/uploads\/2024\/01\/SPIKE_Essential_1_540-230x230.png 230w, https:\/\/roboriseit.com\/wp-content\/uploads\/2024\/01\/SPIKE_Essential_1_540-350x350.png 350w, https:\/\/roboriseit.com\/wp-content\/uploads\/2024\/01\/SPIKE_Essential_1_540-480x480.png 480w, https:\/\/roboriseit.com\/wp-content\/uploads\/2024\/01\/SPIKE_Essential_1_540-24x24.png 24w, https:\/\/roboriseit.com\/wp-content\/uploads\/2024\/01\/SPIKE_Essential_1_540-36x36.png 36w, https:\/\/roboriseit.com\/wp-content\/uploads\/2024\/01\/SPIKE_Essential_1_540-48x48.png 48w, https:\/\/roboriseit.com\/wp-content\/uploads\/2024\/01\/SPIKE_Essential_1_540-100x100.png 100w, https:\/\/roboriseit.com\/wp-content\/uploads\/2024\/01\/SPIKE_Essential_1_540.png 540w\" sizes=\"auto, (max-width: 300px) 100px, (max-width: 600px) 200px, (max-width: 900px) 300px, (max-width: 1200px) 400px, (max-width: 1500px) 500px, (max-width: 1800px) 600px, (max-width: 2100px) 1124px, 1906px\" \/><\/div>\n\t\t\t\t\t<div class=\"wc-block-grid__product-title\">ECO TEAM SPIKE Essential Curriculum<\/div>\n\t\t\t\t<\/a>\n\t\t\t\t<div class=\"wc-block-grid__product-price price\"><span class=\"woocommerce-Price-amount amount\" aria-hidden=\"true\"><span class=\"woocommerce-Price-currencySymbol\">&#036;<\/span>172.84<\/span> <span aria-hidden=\"true\"> \u2013 <\/span> <span class=\"woocommerce-Price-amount amount\" aria-hidden=\"true\"><span class=\"woocommerce-Price-currencySymbol\">&#036;<\/span>404.84<\/span><span class=\"screen-reader-text\">Fiyat aral\u0131\u011f\u0131: &#036;172.84 &#8211; &#036;404.84<\/span><\/div>\n\t\t\t\t\n\t\t\t\t<div class=\"wp-block-button wc-block-grid__product-add-to-cart\"><a href=\"https:\/\/roboriseit.com\/en\/urun\/eco-team-spike-essential-curriculum\/\" aria-label=\"&ldquo;ECO TEAM SPIKE Essential Curriculum&rdquo; i\u00e7in se\u00e7enekleri se\u00e7in\" data-quantity=\"1\" data-product_id=\"65303\" data-product_sku=\"\" data-price=\"172.84\" rel=\"nofollow\" class=\"wp-block-button__link  add_to_cart_button\">Se\u00e7enekler<\/a><\/div>\n\t\t\t<\/li><li class=\"wc-block-grid__product\">\n\t\t\t\t<a href=\"https:\/\/roboriseit.com\/en\/urun\/double-power-spike-essential-curriculum\/\" class=\"wc-block-grid__product-link\">\n\t\t\t\t\t\n\t\t\t\t\t<div class=\"wc-block-grid__product-image\"><img loading=\"lazy\" decoding=\"async\" width=\"420\" height=\"420\" src=\"https:\/\/roboriseit.com\/wp-content\/uploads\/2024\/01\/SPIKE_Essential_2_540-420x420.png\" class=\"attachment-woocommerce_thumbnail size-woocommerce_thumbnail\" alt=\"SPIKE Essential Double Power\" srcset=\"https:\/\/roboriseit.com\/wp-content\/uploads\/2024\/01\/SPIKE_Essential_2_540-420x420.png 420w, https:\/\/roboriseit.com\/wp-content\/uploads\/2024\/01\/SPIKE_Essential_2_540-300x300.png 300w, https:\/\/roboriseit.com\/wp-content\/uploads\/2024\/01\/SPIKE_Essential_2_540-150x150.png 150w, https:\/\/roboriseit.com\/wp-content\/uploads\/2024\/01\/SPIKE_Essential_2_540-230x230.png 230w, https:\/\/roboriseit.com\/wp-content\/uploads\/2024\/01\/SPIKE_Essential_2_540-350x350.png 350w, https:\/\/roboriseit.com\/wp-content\/uploads\/2024\/01\/SPIKE_Essential_2_540-480x480.png 480w, https:\/\/roboriseit.com\/wp-content\/uploads\/2024\/01\/SPIKE_Essential_2_540-24x24.png 24w, https:\/\/roboriseit.com\/wp-content\/uploads\/2024\/01\/SPIKE_Essential_2_540-36x36.png 36w, https:\/\/roboriseit.com\/wp-content\/uploads\/2024\/01\/SPIKE_Essential_2_540-48x48.png 48w, https:\/\/roboriseit.com\/wp-content\/uploads\/2024\/01\/SPIKE_Essential_2_540-100x100.png 100w, https:\/\/roboriseit.com\/wp-content\/uploads\/2024\/01\/SPIKE_Essential_2_540.png 540w\" sizes=\"auto, (max-width: 300px) 100px, (max-width: 600px) 200px, (max-width: 900px) 300px, (max-width: 1200px) 400px, (max-width: 1500px) 500px, (max-width: 1800px) 600px, (max-width: 2100px) 1124px, 1906px\" \/><\/div>\n\t\t\t\t\t<div class=\"wc-block-grid__product-title\">DOUBLE POWER SPIKE Essential Curriculum<\/div>\n\t\t\t\t<\/a>\n\t\t\t\t<div class=\"wc-block-grid__product-price price\"><span class=\"woocommerce-Price-amount amount\" aria-hidden=\"true\"><span class=\"woocommerce-Price-currencySymbol\">&#036;<\/span>172.84<\/span> <span aria-hidden=\"true\"> \u2013 <\/span> <span class=\"woocommerce-Price-amount amount\" aria-hidden=\"true\"><span class=\"woocommerce-Price-currencySymbol\">&#036;<\/span>404.84<\/span><span class=\"screen-reader-text\">Fiyat aral\u0131\u011f\u0131: &#036;172.84 &#8211; &#036;404.84<\/span><\/div>\n\t\t\t\t\n\t\t\t\t<div class=\"wp-block-button wc-block-grid__product-add-to-cart\"><a href=\"https:\/\/roboriseit.com\/en\/urun\/double-power-spike-essential-curriculum\/\" aria-label=\"&ldquo;DOUBLE POWER SPIKE Essential Curriculum&rdquo; i\u00e7in se\u00e7enekleri se\u00e7in\" data-quantity=\"1\" data-product_id=\"66527\" data-product_sku=\"\" data-price=\"172.84\" rel=\"nofollow\" class=\"wp-block-button__link  add_to_cart_button\">Se\u00e7enekler<\/a><\/div>\n\t\t\t<\/li><li class=\"wc-block-grid__product\">\n\t\t\t\t<a href=\"https:\/\/roboriseit.com\/tr\/urun\/dino-park-spike-essential-curriculum\/\" class=\"wc-block-grid__product-link\">\n\t\t\t\t\t\n\t\t\t\t\t<div class=\"wc-block-grid__product-image\"><img loading=\"lazy\" decoding=\"async\" width=\"420\" height=\"420\" src=\"https:\/\/roboriseit.com\/wp-content\/uploads\/2024\/10\/SE_vol03_540n-420x420.png\" class=\"attachment-woocommerce_thumbnail size-woocommerce_thumbnail\" alt=\"SPIKE Essential DinoPark \" srcset=\"https:\/\/roboriseit.com\/wp-content\/uploads\/2024\/10\/SE_vol03_540n-420x420.png 420w, https:\/\/roboriseit.com\/wp-content\/uploads\/2024\/10\/SE_vol03_540n-300x300.png 300w, https:\/\/roboriseit.com\/wp-content\/uploads\/2024\/10\/SE_vol03_540n-150x150.png 150w, https:\/\/roboriseit.com\/wp-content\/uploads\/2024\/10\/SE_vol03_540n-230x230.png 230w, https:\/\/roboriseit.com\/wp-content\/uploads\/2024\/10\/SE_vol03_540n-350x350.png 350w, https:\/\/roboriseit.com\/wp-content\/uploads\/2024\/10\/SE_vol03_540n-480x480.png 480w, https:\/\/roboriseit.com\/wp-content\/uploads\/2024\/10\/SE_vol03_540n-24x24.png 24w, https:\/\/roboriseit.com\/wp-content\/uploads\/2024\/10\/SE_vol03_540n-36x36.png 36w, https:\/\/roboriseit.com\/wp-content\/uploads\/2024\/10\/SE_vol03_540n-48x48.png 48w, https:\/\/roboriseit.com\/wp-content\/uploads\/2024\/10\/SE_vol03_540n-100x100.png 100w, https:\/\/roboriseit.com\/wp-content\/uploads\/2024\/10\/SE_vol03_540n.png 540w\" sizes=\"auto, (max-width: 300px) 100px, (max-width: 600px) 200px, (max-width: 900px) 300px, (max-width: 1200px) 400px, (max-width: 1500px) 500px, (max-width: 1800px) 600px, (max-width: 2100px) 1124px, 1906px\" \/><\/div>\n\t\t\t\t\t<div class=\"wc-block-grid__product-title\">DINO PARK SPIKE Essential Curriculum<\/div>\n\t\t\t\t<\/a>\n\t\t\t\t<div class=\"wc-block-grid__product-price price\"><span class=\"woocommerce-Price-amount amount\" aria-hidden=\"true\"><span class=\"woocommerce-Price-currencySymbol\">&#036;<\/span>172.84<\/span> <span aria-hidden=\"true\"> \u2013 <\/span> <span class=\"woocommerce-Price-amount amount\" aria-hidden=\"true\"><span class=\"woocommerce-Price-currencySymbol\">&#036;<\/span>404.84<\/span><span class=\"screen-reader-text\">Fiyat aral\u0131\u011f\u0131: &#036;172.84 &#8211; &#036;404.84<\/span><\/div>\n\t\t\t\t\n\t\t\t\t<div class=\"wp-block-button wc-block-grid__product-add-to-cart\"><a href=\"https:\/\/roboriseit.com\/tr\/urun\/dino-park-spike-essential-curriculum\/\" aria-label=\"&ldquo;DINO PARK SPIKE Essential Curriculum&rdquo; i\u00e7in se\u00e7enekleri se\u00e7in\" data-quantity=\"1\" data-product_id=\"69135\" data-product_sku=\"\" data-price=\"172.84\" rel=\"nofollow\" class=\"wp-block-button__link  add_to_cart_button\">Se\u00e7enekler<\/a><\/div>\n\t\t\t<\/li><\/ul><\/div>\n\n<h2>\u00d6zel projeleri<\/h2>\n\n<div data-block-name=\"woocommerce\/product-category\" data-categories=\"[505]\" data-columns=\"4\" class=\"wc-block-grid wp-block-product-category wp-block-woocommerce-product-category wc-block-product-category has-4-columns has-multiple-rows\"><ul class=\"wc-block-grid__products\"><li class=\"wc-block-grid__product\">\n\t\t\t\t<a href=\"https:\/\/roboriseit.com\/en\/urun\/easterbunny-spike-essential-special-project\/\" class=\"wc-block-grid__product-link\">\n\t\t\t\t\t\n\t\t\t\t\t<div class=\"wc-block-grid__product-image\"><img loading=\"lazy\" decoding=\"async\" width=\"420\" height=\"420\" src=\"https:\/\/roboriseit.com\/wp-content\/uploads\/2025\/04\/Easter_bunny_1080x1080_SPE_540n-420x420.png\" class=\"attachment-woocommerce_thumbnail size-woocommerce_thumbnail\" alt=\"Easter Bunny SPIKE Essential Special Project\" srcset=\"https:\/\/roboriseit.com\/wp-content\/uploads\/2025\/04\/Easter_bunny_1080x1080_SPE_540n-420x420.png 420w, https:\/\/roboriseit.com\/wp-content\/uploads\/2025\/04\/Easter_bunny_1080x1080_SPE_540n-300x300.png 300w, https:\/\/roboriseit.com\/wp-content\/uploads\/2025\/04\/Easter_bunny_1080x1080_SPE_540n-150x150.png 150w, https:\/\/roboriseit.com\/wp-content\/uploads\/2025\/04\/Easter_bunny_1080x1080_SPE_540n-230x230.png 230w, https:\/\/roboriseit.com\/wp-content\/uploads\/2025\/04\/Easter_bunny_1080x1080_SPE_540n-350x350.png 350w, https:\/\/roboriseit.com\/wp-content\/uploads\/2025\/04\/Easter_bunny_1080x1080_SPE_540n-480x480.png 480w, https:\/\/roboriseit.com\/wp-content\/uploads\/2025\/04\/Easter_bunny_1080x1080_SPE_540n-24x24.png 24w, https:\/\/roboriseit.com\/wp-content\/uploads\/2025\/04\/Easter_bunny_1080x1080_SPE_540n-36x36.png 36w, https:\/\/roboriseit.com\/wp-content\/uploads\/2025\/04\/Easter_bunny_1080x1080_SPE_540n-48x48.png 48w, https:\/\/roboriseit.com\/wp-content\/uploads\/2025\/04\/Easter_bunny_1080x1080_SPE_540n-100x100.png 100w, https:\/\/roboriseit.com\/wp-content\/uploads\/2025\/04\/Easter_bunny_1080x1080_SPE_540n.png 540w\" sizes=\"auto, (max-width: 300px) 100px, (max-width: 600px) 200px, (max-width: 900px) 300px, (max-width: 1200px) 400px, (max-width: 1500px) 500px, (max-width: 1800px) 600px, (max-width: 2100px) 1124px, 1906px\" \/><\/div>\n\t\t\t\t\t<div class=\"wc-block-grid__product-title\">Easter Bunny SPIKE Essential Special Project<\/div>\n\t\t\t\t<\/a>\n\t\t\t\t<div class=\"wc-block-grid__product-price price\"><span class=\"woocommerce-Price-amount amount\" aria-hidden=\"true\"><span class=\"woocommerce-Price-currencySymbol\">&#036;<\/span>17.34<\/span> <span aria-hidden=\"true\"> \u2013 <\/span> <span class=\"woocommerce-Price-amount amount\" aria-hidden=\"true\"><span class=\"woocommerce-Price-currencySymbol\">&#036;<\/span>86.94<\/span><span class=\"screen-reader-text\">Fiyat aral\u0131\u011f\u0131: &#036;17.34 &#8211; &#036;86.94<\/span><\/div>\n\t\t\t\t\n\t\t\t\t<div class=\"wp-block-button wc-block-grid__product-add-to-cart\"><a href=\"https:\/\/roboriseit.com\/en\/urun\/easterbunny-spike-essential-special-project\/\" aria-label=\"&ldquo;Easter Bunny SPIKE Essential Special Project&rdquo; i\u00e7in se\u00e7enekleri se\u00e7in\" data-quantity=\"1\" data-product_id=\"70112\" data-product_sku=\"\" data-price=\"17.34\" rel=\"nofollow\" class=\"wp-block-button__link  add_to_cart_button\">Se\u00e7enekler<\/a><\/div>\n\t\t\t<\/li><li class=\"wc-block-grid__product\">\n\t\t\t\t<a href=\"https:\/\/roboriseit.com\/en\/urun\/seabastian-spike-essential-special-project\/\" class=\"wc-block-grid__product-link\">\n\t\t\t\t\t\n\t\t\t\t\t<div class=\"wc-block-grid__product-image\"><img loading=\"lazy\" decoding=\"async\" width=\"420\" height=\"420\" src=\"https:\/\/roboriseit.com\/wp-content\/uploads\/2024\/07\/SeaBastian_540n-420x420.png\" class=\"attachment-woocommerce_thumbnail size-woocommerce_thumbnail\" alt=\"SeaBastian SPIKE Essential\" srcset=\"https:\/\/roboriseit.com\/wp-content\/uploads\/2024\/07\/SeaBastian_540n-420x420.png 420w, https:\/\/roboriseit.com\/wp-content\/uploads\/2024\/07\/SeaBastian_540n-300x300.png 300w, https:\/\/roboriseit.com\/wp-content\/uploads\/2024\/07\/SeaBastian_540n-150x150.png 150w, https:\/\/roboriseit.com\/wp-content\/uploads\/2024\/07\/SeaBastian_540n-230x230.png 230w, https:\/\/roboriseit.com\/wp-content\/uploads\/2024\/07\/SeaBastian_540n-350x350.png 350w, https:\/\/roboriseit.com\/wp-content\/uploads\/2024\/07\/SeaBastian_540n-480x480.png 480w, https:\/\/roboriseit.com\/wp-content\/uploads\/2024\/07\/SeaBastian_540n-24x24.png 24w, https:\/\/roboriseit.com\/wp-content\/uploads\/2024\/07\/SeaBastian_540n-36x36.png 36w, https:\/\/roboriseit.com\/wp-content\/uploads\/2024\/07\/SeaBastian_540n-48x48.png 48w, https:\/\/roboriseit.com\/wp-content\/uploads\/2024\/07\/SeaBastian_540n-100x100.png 100w, https:\/\/roboriseit.com\/wp-content\/uploads\/2024\/07\/SeaBastian_540n.png 540w\" sizes=\"auto, (max-width: 300px) 100px, (max-width: 600px) 200px, (max-width: 900px) 300px, (max-width: 1200px) 400px, (max-width: 1500px) 500px, (max-width: 1800px) 600px, (max-width: 2100px) 1124px, 1906px\" \/><\/div>\n\t\t\t\t\t<div class=\"wc-block-grid__product-title\">SeaBastian SPIKE Essential Special Project<\/div>\n\t\t\t\t<\/a>\n\t\t\t\t<div class=\"wc-block-grid__product-price price\"><span class=\"woocommerce-Price-amount amount\" aria-hidden=\"true\"><span class=\"woocommerce-Price-currencySymbol\">&#036;<\/span>11.54<\/span> <span aria-hidden=\"true\"> \u2013 <\/span> <span class=\"woocommerce-Price-amount amount\" aria-hidden=\"true\"><span class=\"woocommerce-Price-currencySymbol\">&#036;<\/span>56.84<\/span><span class=\"screen-reader-text\">Fiyat aral\u0131\u011f\u0131: &#036;11.54 &#8211; &#036;56.84<\/span><\/div>\n\t\t\t\t\n\t\t\t\t<div class=\"wp-block-button wc-block-grid__product-add-to-cart\"><a href=\"https:\/\/roboriseit.com\/en\/urun\/seabastian-spike-essential-special-project\/\" aria-label=\"&ldquo;SeaBastian SPIKE Essential Special Project&rdquo; i\u00e7in se\u00e7enekleri se\u00e7in\" data-quantity=\"1\" data-product_id=\"68169\" data-product_sku=\"\" data-price=\"11.54\" rel=\"nofollow\" class=\"wp-block-button__link  add_to_cart_button\">Se\u00e7enekler<\/a><\/div>\n\t\t\t<\/li><li class=\"wc-block-grid__product\">\n\t\t\t\t<a href=\"https:\/\/roboriseit.com\/tr\/urun\/santas-train-spike-essential-special-project\/\" class=\"wc-block-grid__product-link\">\n\t\t\t\t\t\n\t\t\t\t\t<div class=\"wc-block-grid__product-image\"><img loading=\"lazy\" decoding=\"async\" width=\"420\" height=\"420\" src=\"https:\/\/roboriseit.com\/wp-content\/uploads\/2023\/12\/Santas_Train_540n-420x420.png\" class=\"attachment-woocommerce_thumbnail size-woocommerce_thumbnail\" alt=\"Santa`s Train SPIKE Essential Special Project\" srcset=\"https:\/\/roboriseit.com\/wp-content\/uploads\/2023\/12\/Santas_Train_540n-420x420.png 420w, https:\/\/roboriseit.com\/wp-content\/uploads\/2023\/12\/Santas_Train_540n-300x300.png 300w, https:\/\/roboriseit.com\/wp-content\/uploads\/2023\/12\/Santas_Train_540n-150x150.png 150w, https:\/\/roboriseit.com\/wp-content\/uploads\/2023\/12\/Santas_Train_540n-230x230.png 230w, https:\/\/roboriseit.com\/wp-content\/uploads\/2023\/12\/Santas_Train_540n-350x350.png 350w, https:\/\/roboriseit.com\/wp-content\/uploads\/2023\/12\/Santas_Train_540n-480x480.png 480w, https:\/\/roboriseit.com\/wp-content\/uploads\/2023\/12\/Santas_Train_540n-24x24.png 24w, https:\/\/roboriseit.com\/wp-content\/uploads\/2023\/12\/Santas_Train_540n-36x36.png 36w, https:\/\/roboriseit.com\/wp-content\/uploads\/2023\/12\/Santas_Train_540n-48x48.png 48w, https:\/\/roboriseit.com\/wp-content\/uploads\/2023\/12\/Santas_Train_540n-100x100.png 100w, https:\/\/roboriseit.com\/wp-content\/uploads\/2023\/12\/Santas_Train_540n.png 540w\" sizes=\"auto, (max-width: 300px) 100px, (max-width: 600px) 200px, (max-width: 900px) 300px, (max-width: 1200px) 400px, (max-width: 1500px) 500px, (max-width: 1800px) 600px, (max-width: 2100px) 1124px, 1906px\" \/><\/div>\n\t\t\t\t\t<div class=\"wc-block-grid__product-title\">Santa`s Train SPIKE Essential Special Project<\/div>\n\t\t\t\t<\/a>\n\t\t\t\t<div class=\"wc-block-grid__product-price price\"><span class=\"woocommerce-Price-amount amount\" aria-hidden=\"true\"><span class=\"woocommerce-Price-currencySymbol\">&#036;<\/span>11.54<\/span> <span aria-hidden=\"true\"> \u2013 <\/span> <span class=\"woocommerce-Price-amount amount\" aria-hidden=\"true\"><span class=\"woocommerce-Price-currencySymbol\">&#036;<\/span>56.84<\/span><span class=\"screen-reader-text\">Fiyat aral\u0131\u011f\u0131: &#036;11.54 &#8211; &#036;56.84<\/span><\/div>\n\t\t\t\t\n\t\t\t\t<div class=\"wp-block-button wc-block-grid__product-add-to-cart\"><a href=\"https:\/\/roboriseit.com\/tr\/urun\/santas-train-spike-essential-special-project\/\" aria-label=\"&ldquo;Santa`s Train SPIKE Essential Special Project&rdquo; i\u00e7in se\u00e7enekleri se\u00e7in\" data-quantity=\"1\" data-product_id=\"66100\" data-product_sku=\"\" data-price=\"11.54\" rel=\"nofollow\" class=\"wp-block-button__link  add_to_cart_button\">Se\u00e7enekler<\/a><\/div>\n\t\t\t<\/li><li class=\"wc-block-grid__product\">\n\t\t\t\t<a href=\"https:\/\/roboriseit.com\/tr\/urun\/prime-spike-essential-special-project\/\" class=\"wc-block-grid__product-link\">\n\t\t\t\t\t\n\t\t\t\t\t<div class=\"wc-block-grid__product-image\"><img loading=\"lazy\" decoding=\"async\" width=\"420\" height=\"420\" src=\"https:\/\/roboriseit.com\/wp-content\/uploads\/2022\/07\/Pics_shop_540_Prime_n-420x420.png\" class=\"attachment-woocommerce_thumbnail size-woocommerce_thumbnail\" alt=\"Prime SPIKE Essential Special Project\" srcset=\"https:\/\/roboriseit.com\/wp-content\/uploads\/2022\/07\/Pics_shop_540_Prime_n-420x420.png 420w, https:\/\/roboriseit.com\/wp-content\/uploads\/2022\/07\/Pics_shop_540_Prime_n-100x100.png 100w, https:\/\/roboriseit.com\/wp-content\/uploads\/2022\/07\/Pics_shop_540_Prime_n-300x300.png 300w, https:\/\/roboriseit.com\/wp-content\/uploads\/2022\/07\/Pics_shop_540_Prime_n-150x150.png 150w, https:\/\/roboriseit.com\/wp-content\/uploads\/2022\/07\/Pics_shop_540_Prime_n-230x230.png 230w, https:\/\/roboriseit.com\/wp-content\/uploads\/2022\/07\/Pics_shop_540_Prime_n-350x350.png 350w, https:\/\/roboriseit.com\/wp-content\/uploads\/2022\/07\/Pics_shop_540_Prime_n-480x480.png 480w, https:\/\/roboriseit.com\/wp-content\/uploads\/2022\/07\/Pics_shop_540_Prime_n-24x24.png 24w, https:\/\/roboriseit.com\/wp-content\/uploads\/2022\/07\/Pics_shop_540_Prime_n-36x36.png 36w, https:\/\/roboriseit.com\/wp-content\/uploads\/2022\/07\/Pics_shop_540_Prime_n-48x48.png 48w, https:\/\/roboriseit.com\/wp-content\/uploads\/2022\/07\/Pics_shop_540_Prime_n-60x60.png 60w, https:\/\/roboriseit.com\/wp-content\/uploads\/2022\/07\/Pics_shop_540_Prime_n-90x90.png 90w, https:\/\/roboriseit.com\/wp-content\/uploads\/2022\/07\/Pics_shop_540_Prime_n.png 540w\" sizes=\"auto, (max-width: 300px) 100px, (max-width: 600px) 200px, (max-width: 900px) 300px, (max-width: 1200px) 400px, (max-width: 1500px) 500px, (max-width: 1800px) 600px, (max-width: 2100px) 1124px, 1906px\" \/><\/div>\n\t\t\t\t\t<div class=\"wc-block-grid__product-title\">Prime SPIKE Essential Special Project<\/div>\n\t\t\t\t<\/a>\n\t\t\t\t<div class=\"wc-block-grid__product-price price\"><span class=\"woocommerce-Price-amount amount\" aria-hidden=\"true\"><span class=\"woocommerce-Price-currencySymbol\">&#036;<\/span>11.54<\/span> <span aria-hidden=\"true\"> \u2013 <\/span> <span class=\"woocommerce-Price-amount amount\" aria-hidden=\"true\"><span class=\"woocommerce-Price-currencySymbol\">&#036;<\/span>56.84<\/span><span class=\"screen-reader-text\">Fiyat aral\u0131\u011f\u0131: &#036;11.54 &#8211; &#036;56.84<\/span><\/div>\n\t\t\t\t\n\t\t\t\t<div class=\"wp-block-button wc-block-grid__product-add-to-cart\"><a href=\"https:\/\/roboriseit.com\/tr\/urun\/prime-spike-essential-special-project\/\" aria-label=\"&ldquo;Prime SPIKE Essential Special Project&rdquo; i\u00e7in se\u00e7enekleri se\u00e7in\" data-quantity=\"1\" data-product_id=\"58344\" data-product_sku=\"\" data-price=\"56.84\" rel=\"nofollow\" class=\"wp-block-button__link  add_to_cart_button\">Se\u00e7enekler<\/a><\/div>\n\t\t\t<\/li><\/ul><\/div>","protected":false},"excerpt":{"rendered":"<p>Kurslar \u00d6zel projeleri<\/p>\n","protected":false},"author":1,"featured_media":0,"parent":0,"menu_order":0,"comment_status":"closed","ping_status":"closed","template":"page-templates\/page_front-page.php","meta":{"footnotes":""},"class_list":["post-60196","page","type-page","status-publish","hentry"],"aioseo_notices":[],"_links":{"self":[{"href":"https:\/\/roboriseit.com\/tr\/wp-json\/wp\/v2\/pages\/60196","targetHints":{"allow":["GET"]}}],"collection":[{"href":"https:\/\/roboriseit.com\/tr\/wp-json\/wp\/v2\/pages"}],"about":[{"href":"https:\/\/roboriseit.com\/tr\/wp-json\/wp\/v2\/types\/page"}],"author":[{"embeddable":true,"href":"https:\/\/roboriseit.com\/tr\/wp-json\/wp\/v2\/users\/1"}],"replies":[{"embeddable":true,"href":"https:\/\/roboriseit.com\/tr\/wp-json\/wp\/v2\/comments?post=60196"}],"version-history":[{"count":2,"href":"https:\/\/roboriseit.com\/tr\/wp-json\/wp\/v2\/pages\/60196\/revisions"}],"predecessor-version":[{"id":70389,"href":"https:\/\/roboriseit.com\/tr\/wp-json\/wp\/v2\/pages\/60196\/revisions\/70389"}],"wp:attachment":[{"href":"https:\/\/roboriseit.com\/tr\/wp-json\/wp\/v2\/media?parent=60196"}],"curies":[{"name":"wp","href":"https:\/\/api.w.org\/{rel}","templated":true}]}}